{"id":387,"date":"2025-01-03T12:30:00","date_gmt":"2025-01-03T11:30:00","guid":{"rendered":"https:\/\/jumpers.work\/exploraterra\/?page_id=387"},"modified":"2025-01-14T16:27:49","modified_gmt":"2025-01-14T15:27:49","slug":"fundacion-nao-victoria","status":"publish","type":"page","link":"https:\/\/jumpers.work\/exploraterra\/fundacion-nao-victoria\/","title":{"rendered":"Fundaci\u00f3n Nao Victoria"},"content":{"rendered":"\t\t<div data-elementor-type=\"wp-page\" data-elementor-id=\"387\" class=\"elementor elementor-387\" data-elementor-post-type=\"page\">\n\t\t\t\t<div class=\"elementor-element elementor-element-a1f4ae1 e-con-full e-flex e-con e-parent\" data-id=\"a1f4ae1\" data-element_type=\"container\" data-settings=\"{&quot;background_background&quot;:&quot;video&quot;,&quot;background_video_link&quot;:&quot;https:\\\/\\\/jumpers.work\\\/exploraterra\\\/wp-content\\\/uploads\\\/2025\\\/01\\\/intro-FNV-1-1.mp4&quot;,&quot;background_play_on_mobile&quot;:&quot;yes&quot;}\">\n\t\t<div class=\"elementor-background-video-container\">\n\t\t\t\t\t\t\t<video class=\"elementor-background-video-hosted elementor-html5-video\" autoplay muted playsinline loop><\/video>\n\t\t\t\t\t<\/div>\t\t<div class=\"elementor-element elementor-element-151446f elementor-widget elementor-widget-heading\" data-id=\"151446f\" data-element_type=\"widget\" data-widget_type=\"heading.default\">\n\t\t\t\t<div class=\"elementor-widget-container\">\n\t\t\t<h2 class=\"elementor-heading-title elementor-size-default\">Fundaci\u00f3n Nao Victoria<\/h2>\t\t<\/div>\n\t\t\t\t<\/div>\n\t\t\t\t<\/div>\n\t\t<div class=\"elementor-element elementor-element-4543878 e-con-full elementor-hidden-tablet e-flex e-con e-parent\" data-id=\"4543878\" data-element_type=\"container\">\n\t\t<div class=\"elementor-element elementor-element-52504dc e-con-full e-flex e-con e-child\" data-id=\"52504dc\" data-element_type=\"container\">\n\t\t\t\t<div class=\"elementor-element elementor-element-9d0594f elementor-widget elementor-widget-text-editor\" data-id=\"9d0594f\" data-element_type=\"widget\" data-widget_type=\"text-editor.default\">\n\t\t\t\t<div class=\"elementor-widget-container\">\n\t\t\t\t\t\t\t<p>Exploraterra es un centro cultural creado por la\u00a0<a href=\"https:\/\/www.fundacionnaovictoria.org\/es\/\" target=\"_blank\" rel=\"noopener\">Fundaci\u00f3n Nao Victoria<\/a>\u00a0para acercar la primera vuelta al mundo y la historia de la exploraci\u00f3n a todos los p\u00fablicos, fomentar el conocimiento de la historia mar\u00edtima de Andaluc\u00eda y conectarla con el presente y el futuro de la exploraci\u00f3n cient\u00edfica y geogr\u00e1fica.<\/p><p>A las actividades internacionales que la\u00a0<a href=\"https:\/\/www.fundacionnaovictoria.org\/es\/\" target=\"_blank\" rel=\"noopener\">Fundaci\u00f3n Nao Victoria<\/a>\u00a0lleva a cabo con las r\u00e9plicas de los barcos m\u00e1s emblem\u00e1ticos de la historia de las expediciones mar\u00edtimas espa\u00f1olas, se une este Espacio Exploraterra, en la milla cero de la Primera Vuelta al Mundo y en homenaje al esp\u00edritu explorador de todos los tiempos.<\/p>\t\t\t\t\t\t<\/div>\n\t\t\t\t<\/div>\n\t\t\t\t<div class=\"elementor-element elementor-element-a9d3148 elementor-align-left elementor-widget elementor-widget-button\" data-id=\"a9d3148\" data-element_type=\"widget\" data-widget_type=\"button.default\">\n\t\t\t\t<div class=\"elementor-widget-container\">\n\t\t\t\t\t\t\t<div class=\"elementor-button-wrapper\">\n\t\t\t\t\t<a class=\"elementor-button elementor-button-link elementor-size-sm\" href=\"https:\/\/www.fundacionnaovictoria.org\/es\/\" target=\"_blank\">\n\t\t\t\t\t\t<span class=\"elementor-button-content-wrapper\">\n\t\t\t\t\t\t<span class=\"elementor-button-icon\">\n\t\t\t\t<svg aria-hidden=\"true\" class=\"e-font-icon-svg e-fas-plus\" viewBox=\"0 0 448 512\" xmlns=\"http:\/\/www.w3.org\/2000\/svg\"><path d=\"M416 208H272V64c0-17.67-14.33-32-32-32h-32c-17.67 0-32 14.33-32 32v144H32c-17.67 0-32 14.33-32 32v32c0 17.67 14.33 32 32 32h144v144c0 17.67 14.33 32 32 32h32c17.67 0 32-14.33 32-32V304h144c17.67 0 32-14.33 32-32v-32c0-17.67-14.33-32-32-32z\"><\/path><\/svg>\t\t\t<\/span>\n\t\t\t\t\t\t\t\t\t<span class=\"elementor-button-text\">Informaci\u00f3n<\/span>\n\t\t\t\t\t<\/span>\n\t\t\t\t\t<\/a>\n\t\t\t\t<\/div>\n\t\t\t\t\t\t<\/div>\n\t\t\t\t<\/div>\n\t\t\t\t<\/div>\n\t\t<div class=\"elementor-element elementor-element-7c5dc6d e-con-full e-flex agl agl-wipeCSS agl-in-duration-1000 agl-in-delay-400 agl-in-distance-1 e-con e-child\" data-id=\"7c5dc6d\" data-element_type=\"container\" data-settings=\"{&quot;background_background&quot;:&quot;classic&quot;,&quot;agl_in_name&quot;:&quot;wipeCSS&quot;,&quot;agl_in_delay&quot;:{&quot;unit&quot;:&quot;ms&quot;,&quot;size&quot;:400,&quot;sizes&quot;:[]},&quot;agl_in_duration&quot;:{&quot;unit&quot;:&quot;ms&quot;,&quot;size&quot;:1000,&quot;sizes&quot;:[]},&quot;agl_in_distance&quot;:{&quot;unit&quot;:&quot;ms&quot;,&quot;size&quot;:1,&quot;sizes&quot;:[]},&quot;agl_in_repeat&quot;:&quot;no&quot;,&quot;agl_in_lockToScrollbar&quot;:&quot;no&quot;}\">\n\t\t\t\t<div class=\"elementor-element elementor-element-f57275a elementor-widget elementor-widget-spacer\" data-id=\"f57275a\" data-element_type=\"widget\" data-widget_type=\"spacer.default\">\n\t\t\t\t<div class=\"elementor-widget-container\">\n\t\t\t\t\t<div class=\"elementor-spacer\">\n\t\t\t<div class=\"elementor-spacer-inner\"><\/div>\n\t\t<\/div>\n\t\t\t\t<\/div>\n\t\t\t\t<\/div>\n\t\t\t\t<\/div>\n\t\t<div class=\"elementor-element elementor-element-0faeb3c e-con-full e-flex agl agl-wipeCSS agl-in-duration-1000 agl-in-delay-900 agl-in-distance-1 e-con e-child\" data-id=\"0faeb3c\" data-element_type=\"container\" data-settings=\"{&quot;background_background&quot;:&quot;classic&quot;,&quot;agl_in_name&quot;:&quot;wipeCSS&quot;,&quot;agl_in_delay&quot;:{&quot;unit&quot;:&quot;ms&quot;,&quot;size&quot;:900,&quot;sizes&quot;:[]},&quot;agl_in_duration&quot;:{&quot;unit&quot;:&quot;ms&quot;,&quot;size&quot;:1000,&quot;sizes&quot;:[]},&quot;agl_in_distance&quot;:{&quot;unit&quot;:&quot;ms&quot;,&quot;size&quot;:1,&quot;sizes&quot;:[]},&quot;agl_in_repeat&quot;:&quot;no&quot;,&quot;agl_in_lockToScrollbar&quot;:&quot;no&quot;}\">\n\t\t\t\t<div class=\"elementor-element elementor-element-d33c737 elementor-widget elementor-widget-spacer\" data-id=\"d33c737\" data-element_type=\"widget\" data-widget_type=\"spacer.default\">\n\t\t\t\t<div class=\"elementor-widget-container\">\n\t\t\t\t\t<div class=\"elementor-spacer\">\n\t\t\t<div class=\"elementor-spacer-inner\"><\/div>\n\t\t<\/div>\n\t\t\t\t<\/div>\n\t\t\t\t<\/div>\n\t\t\t\t<\/div>\n\t\t<div class=\"elementor-element elementor-element-9501ac2 e-con-full e-flex agl agl-wipeCSS agl-in-duration-1000 agl-in-delay-1200 agl-in-distance-1 e-con e-child\" data-id=\"9501ac2\" data-element_type=\"container\" data-settings=\"{&quot;background_background&quot;:&quot;classic&quot;,&quot;agl_in_name&quot;:&quot;wipeCSS&quot;,&quot;agl_in_delay&quot;:{&quot;unit&quot;:&quot;ms&quot;,&quot;size&quot;:1200,&quot;sizes&quot;:[]},&quot;agl_in_duration&quot;:{&quot;unit&quot;:&quot;ms&quot;,&quot;size&quot;:1000,&quot;sizes&quot;:[]},&quot;agl_in_distance&quot;:{&quot;unit&quot;:&quot;ms&quot;,&quot;size&quot;:1,&quot;sizes&quot;:[]},&quot;agl_in_repeat&quot;:&quot;no&quot;,&quot;agl_in_lockToScrollbar&quot;:&quot;no&quot;}\">\n\t\t\t\t<div class=\"elementor-element elementor-element-af5ed3d elementor-widget elementor-widget-spacer\" data-id=\"af5ed3d\" data-element_type=\"widget\" data-widget_type=\"spacer.default\">\n\t\t\t\t<div class=\"elementor-widget-container\">\n\t\t\t\t\t<div class=\"elementor-spacer\">\n\t\t\t<div class=\"elementor-spacer-inner\"><\/div>\n\t\t<\/div>\n\t\t\t\t<\/div>\n\t\t\t\t<\/div>\n\t\t\t\t<\/div>\n\t\t\t\t<\/div>\n\t\t<div class=\"elementor-element elementor-element-cbe2e7e e-con-full elementor-hidden-desktop elementor-hidden-mobile e-flex e-con e-parent\" data-id=\"cbe2e7e\" data-element_type=\"container\">\n\t\t<div class=\"elementor-element elementor-element-f9c6794 e-con-full e-flex e-con e-child\" data-id=\"f9c6794\" data-element_type=\"container\">\n\t\t\t\t<div class=\"elementor-element elementor-element-28ff303 elementor-widget elementor-widget-text-editor\" data-id=\"28ff303\" data-element_type=\"widget\" data-widget_type=\"text-editor.default\">\n\t\t\t\t<div class=\"elementor-widget-container\">\n\t\t\t\t\t\t\t<p>Exploraterra es un centro cultural creado por la\u00a0<a href=\"https:\/\/www.fundacionnaovictoria.org\/es\/\" target=\"_blank\" rel=\"noopener\">Fundaci\u00f3n Nao Victoria<\/a>\u00a0para acercar la primera vuelta al mundo y la historia de la exploraci\u00f3n a todos los p\u00fablicos, fomentar el conocimiento de la historia mar\u00edtima de Andaluc\u00eda y conectarla con el presente y el futuro de la exploraci\u00f3n cient\u00edfica y geogr\u00e1fica.<\/p><p>A las actividades internacionales que la\u00a0<a href=\"https:\/\/www.fundacionnaovictoria.org\/es\/\" target=\"_blank\" rel=\"noopener\">Fundaci\u00f3n Nao Victoria<\/a>\u00a0lleva a cabo con las r\u00e9plicas de los barcos m\u00e1s emblem\u00e1ticos de la historia de las expediciones mar\u00edtimas espa\u00f1olas, se une este Espacio Exploraterra, en la milla cero de la Primera Vuelta al Mundo y en homenaje al esp\u00edritu explorador de todos los tiempos.<\/p>\t\t\t\t\t\t<\/div>\n\t\t\t\t<\/div>\n\t\t\t\t<div class=\"elementor-element elementor-element-0c8a6bb elementor-align-left elementor-widget elementor-widget-button\" data-id=\"0c8a6bb\" data-element_type=\"widget\" data-widget_type=\"button.default\">\n\t\t\t\t<div class=\"elementor-widget-container\">\n\t\t\t\t\t\t\t<div class=\"elementor-button-wrapper\">\n\t\t\t\t\t<a class=\"elementor-button elementor-button-link elementor-size-sm\" href=\"https:\/\/www.fundacionnaovictoria.org\/es\/\" target=\"_blank\">\n\t\t\t\t\t\t<span class=\"elementor-button-content-wrapper\">\n\t\t\t\t\t\t<span class=\"elementor-button-icon\">\n\t\t\t\t<svg aria-hidden=\"true\" class=\"e-font-icon-svg e-fas-plus\" viewBox=\"0 0 448 512\" xmlns=\"http:\/\/www.w3.org\/2000\/svg\"><path d=\"M416 208H272V64c0-17.67-14.33-32-32-32h-32c-17.67 0-32 14.33-32 32v144H32c-17.67 0-32 14.33-32 32v32c0 17.67 14.33 32 32 32h144v144c0 17.67 14.33 32 32 32h32c17.67 0 32-14.33 32-32V304h144c17.67 0 32-14.33 32-32v-32c0-17.67-14.33-32-32-32z\"><\/path><\/svg>\t\t\t<\/span>\n\t\t\t\t\t\t\t\t\t<span class=\"elementor-button-text\">Informaci\u00f3n<\/span>\n\t\t\t\t\t<\/span>\n\t\t\t\t\t<\/a>\n\t\t\t\t<\/div>\n\t\t\t\t\t\t<\/div>\n\t\t\t\t<\/div>\n\t\t\t\t<\/div>\n\t\t\t\t<\/div>\n\t\t<div class=\"elementor-element elementor-element-aad2a83 e-con-full elementor-hidden-desktop elementor-hidden-mobile e-flex e-con e-parent\" data-id=\"aad2a83\" data-element_type=\"container\">\n\t\t<div class=\"elementor-element elementor-element-0a4b74f e-con-full e-flex agl agl-wipeCSS agl-in-duration-1000 agl-in-delay-400 agl-in-distance-1 e-con e-child\" data-id=\"0a4b74f\" data-element_type=\"container\" data-settings=\"{&quot;background_background&quot;:&quot;classic&quot;,&quot;agl_in_name&quot;:&quot;wipeCSS&quot;,&quot;agl_in_delay&quot;:{&quot;unit&quot;:&quot;ms&quot;,&quot;size&quot;:400,&quot;sizes&quot;:[]},&quot;agl_in_duration&quot;:{&quot;unit&quot;:&quot;ms&quot;,&quot;size&quot;:1000,&quot;sizes&quot;:[]},&quot;agl_in_distance&quot;:{&quot;unit&quot;:&quot;ms&quot;,&quot;size&quot;:1,&quot;sizes&quot;:[]},&quot;agl_in_repeat&quot;:&quot;no&quot;,&quot;agl_in_lockToScrollbar&quot;:&quot;no&quot;}\">\n\t\t\t\t<div class=\"elementor-element elementor-element-16c2c89 elementor-widget elementor-widget-spacer\" data-id=\"16c2c89\" data-element_type=\"widget\" data-widget_type=\"spacer.default\">\n\t\t\t\t<div class=\"elementor-widget-container\">\n\t\t\t\t\t<div class=\"elementor-spacer\">\n\t\t\t<div class=\"elementor-spacer-inner\"><\/div>\n\t\t<\/div>\n\t\t\t\t<\/div>\n\t\t\t\t<\/div>\n\t\t\t\t<\/div>\n\t\t<div class=\"elementor-element elementor-element-1278be1 e-con-full e-flex agl agl-wipeCSS agl-in-duration-1000 agl-in-delay-900 agl-in-distance-1 e-con e-child\" data-id=\"1278be1\" data-element_type=\"container\" data-settings=\"{&quot;background_background&quot;:&quot;classic&quot;,&quot;agl_in_name&quot;:&quot;wipeCSS&quot;,&quot;agl_in_delay&quot;:{&quot;unit&quot;:&quot;ms&quot;,&quot;size&quot;:900,&quot;sizes&quot;:[]},&quot;agl_in_duration&quot;:{&quot;unit&quot;:&quot;ms&quot;,&quot;size&quot;:1000,&quot;sizes&quot;:[]},&quot;agl_in_distance&quot;:{&quot;unit&quot;:&quot;ms&quot;,&quot;size&quot;:1,&quot;sizes&quot;:[]},&quot;agl_in_repeat&quot;:&quot;no&quot;,&quot;agl_in_lockToScrollbar&quot;:&quot;no&quot;}\">\n\t\t\t\t<div class=\"elementor-element elementor-element-be5de17 elementor-widget elementor-widget-spacer\" data-id=\"be5de17\" data-element_type=\"widget\" data-widget_type=\"spacer.default\">\n\t\t\t\t<div class=\"elementor-widget-container\">\n\t\t\t\t\t<div class=\"elementor-spacer\">\n\t\t\t<div class=\"elementor-spacer-inner\"><\/div>\n\t\t<\/div>\n\t\t\t\t<\/div>\n\t\t\t\t<\/div>\n\t\t\t\t<\/div>\n\t\t<div class=\"elementor-element elementor-element-7b49b9a e-con-full e-flex agl agl-wipeCSS agl-in-duration-1000 agl-in-delay-1200 agl-in-distance-1 e-con e-child\" data-id=\"7b49b9a\" data-element_type=\"container\" data-settings=\"{&quot;background_background&quot;:&quot;classic&quot;,&quot;agl_in_name&quot;:&quot;wipeCSS&quot;,&quot;agl_in_delay&quot;:{&quot;unit&quot;:&quot;ms&quot;,&quot;size&quot;:1200,&quot;sizes&quot;:[]},&quot;agl_in_duration&quot;:{&quot;unit&quot;:&quot;ms&quot;,&quot;size&quot;:1000,&quot;sizes&quot;:[]},&quot;agl_in_distance&quot;:{&quot;unit&quot;:&quot;ms&quot;,&quot;size&quot;:1,&quot;sizes&quot;:[]},&quot;agl_in_repeat&quot;:&quot;no&quot;,&quot;agl_in_lockToScrollbar&quot;:&quot;no&quot;}\">\n\t\t\t\t<div class=\"elementor-element elementor-element-2f3cfbd elementor-widget elementor-widget-spacer\" data-id=\"2f3cfbd\" data-element_type=\"widget\" data-widget_type=\"spacer.default\">\n\t\t\t\t<div class=\"elementor-widget-container\">\n\t\t\t\t\t<div class=\"elementor-spacer\">\n\t\t\t<div class=\"elementor-spacer-inner\"><\/div>\n\t\t<\/div>\n\t\t\t\t<\/div>\n\t\t\t\t<\/div>\n\t\t\t\t<\/div>\n\t\t\t\t<\/div>\n\t\t<div class=\"elementor-element elementor-element-29638d3 e-con-full e-flex e-con e-parent\" data-id=\"29638d3\" data-element_type=\"container\">\n\t\t\t\t<div class=\"elementor-element elementor-element-349ac04 elementor-widget elementor-widget-heading\" data-id=\"349ac04\" data-element_type=\"widget\" data-widget_type=\"heading.default\">\n\t\t\t\t<div class=\"elementor-widget-container\">\n\t\t\t<h2 class=\"elementor-heading-title elementor-size-default\">Galer\u00eda de fotos<\/h2>\t\t<\/div>\n\t\t\t\t<\/div>\n\t\t\t\t<div class=\"elementor-element elementor-element-dd56258 elementor-arrows-position-outside elementor-widget elementor-widget-image-carousel\" data-id=\"dd56258\" data-element_type=\"widget\" data-settings=\"{&quot;slides_to_show&quot;:&quot;4&quot;,&quot;slides_to_scroll&quot;:&quot;1&quot;,&quot;navigation&quot;:&quot;arrows&quot;,&quot;image_spacing_custom&quot;:{&quot;unit&quot;:&quot;px&quot;,&quot;size&quot;:18,&quot;sizes&quot;:[]},&quot;autoplay&quot;:&quot;yes&quot;,&quot;pause_on_hover&quot;:&quot;yes&quot;,&quot;pause_on_interaction&quot;:&quot;yes&quot;,&quot;autoplay_speed&quot;:5000,&quot;infinite&quot;:&quot;yes&quot;,&quot;speed&quot;:500,&quot;image_spacing_custom_tablet&quot;:{&quot;unit&quot;:&quot;px&quot;,&quot;size&quot;:&quot;&quot;,&quot;sizes&quot;:[]},&quot;image_spacing_custom_mobile&quot;:{&quot;unit&quot;:&quot;px&quot;,&quot;size&quot;:&quot;&quot;,&quot;sizes&quot;:[]}}\" data-widget_type=\"image-carousel.default\">\n\t\t\t\t<div class=\"elementor-widget-container\">\n\t\t\t\t\t<div class=\"elementor-image-carousel-wrapper swiper\" dir=\"ltr\">\n\t\t\t<div class=\"elementor-image-carousel swiper-wrapper\" aria-live=\"off\">\n\t\t\t\t\t\t\t\t<div class=\"swiper-slide\" role=\"group\" aria-roledescription=\"slide\" aria-label=\"1 de 20\"><figure class=\"swiper-slide-inner\"><img decoding=\"async\" class=\"swiper-slide-image\" src=\"https:\/\/jumpers.work\/exploraterra\/wp-content\/uploads\/2025\/01\/973B0198andalucia-1024x617-1.jpg\" alt=\"973B0198andalucia-1024x617\" \/><\/figure><\/div><div class=\"swiper-slide\" role=\"group\" aria-roledescription=\"slide\" aria-label=\"2 de 20\"><figure class=\"swiper-slide-inner\"><img decoding=\"async\" class=\"swiper-slide-image\" src=\"https:\/\/jumpers.work\/exploraterra\/wp-content\/uploads\/2025\/01\/973B6085-1024x617-1.jpg\" alt=\"973B6085-1024x617\" \/><\/figure><\/div><div class=\"swiper-slide\" role=\"group\" aria-roledescription=\"slide\" aria-label=\"3 de 20\"><figure class=\"swiper-slide-inner\"><img decoding=\"async\" class=\"swiper-slide-image\" src=\"https:\/\/jumpers.work\/exploraterra\/wp-content\/uploads\/2025\/01\/2956128-1024x617-1-1.jpg\" alt=\"2956128-1024x617 (1)\" \/><\/figure><\/div><div class=\"swiper-slide\" role=\"group\" aria-roledescription=\"slide\" aria-label=\"4 de 20\"><figure class=\"swiper-slide-inner\"><img decoding=\"async\" class=\"swiper-slide-image\" src=\"https:\/\/jumpers.work\/exploraterra\/wp-content\/uploads\/2025\/01\/Bohol.-Filipinas-1024x617-1.jpg\" alt=\"Bohol.-Filipinas-1024x617\" \/><\/figure><\/div><div class=\"swiper-slide\" role=\"group\" aria-roledescription=\"slide\" aria-label=\"5 de 20\"><figure class=\"swiper-slide-inner\"><img decoding=\"async\" class=\"swiper-slide-image\" src=\"https:\/\/jumpers.work\/exploraterra\/wp-content\/uploads\/2025\/01\/Cebu.-Filipinas-1024x617-1.jpg\" alt=\"Cebu.-Filipinas-1024x617\" \/><\/figure><\/div><div class=\"swiper-slide\" role=\"group\" aria-roledescription=\"slide\" aria-label=\"6 de 20\"><figure class=\"swiper-slide-inner\"><img decoding=\"async\" class=\"swiper-slide-image\" src=\"https:\/\/jumpers.work\/exploraterra\/wp-content\/uploads\/2025\/01\/DSC_0893-1024x617-1.jpg\" alt=\"DSC_0893-1024x617\" \/><\/figure><\/div><div class=\"swiper-slide\" role=\"group\" aria-roledescription=\"slide\" aria-label=\"7 de 20\"><figure class=\"swiper-slide-inner\"><img decoding=\"async\" class=\"swiper-slide-image\" src=\"https:\/\/jumpers.work\/exploraterra\/wp-content\/uploads\/2025\/01\/DSC_2781-1024x617-1.jpg\" alt=\"DSC_2781-1024x617\" \/><\/figure><\/div><div class=\"swiper-slide\" role=\"group\" aria-roledescription=\"slide\" aria-label=\"8 de 20\"><figure class=\"swiper-slide-inner\"><img decoding=\"async\" class=\"swiper-slide-image\" src=\"https:\/\/jumpers.work\/exploraterra\/wp-content\/uploads\/2025\/01\/Eshjqd8XEAIPH0x-1024x617-1.jpg\" alt=\"Eshjqd8XEAIPH0x-1024x617\" \/><\/figure><\/div><div class=\"swiper-slide\" role=\"group\" aria-roledescription=\"slide\" aria-label=\"9 de 20\"><figure class=\"swiper-slide-inner\"><img decoding=\"async\" class=\"swiper-slide-image\" src=\"https:\/\/jumpers.work\/exploraterra\/wp-content\/uploads\/2025\/01\/FcIG02cWAAERJMg-1024x617-1.jpg\" alt=\"FcIG02cWAAERJMg-1024x617\" \/><\/figure><\/div><div class=\"swiper-slide\" role=\"group\" aria-roledescription=\"slide\" aria-label=\"10 de 20\"><figure class=\"swiper-slide-inner\"><img decoding=\"async\" class=\"swiper-slide-image\" src=\"https:\/\/jumpers.work\/exploraterra\/wp-content\/uploads\/2025\/01\/FCO1465-1024x617-2.jpg\" alt=\"FCO1465-1024x617\" \/><\/figure><\/div><div class=\"swiper-slide\" role=\"group\" aria-roledescription=\"slide\" aria-label=\"11 de 20\"><figure class=\"swiper-slide-inner\"><img decoding=\"async\" class=\"swiper-slide-image\" src=\"https:\/\/jumpers.work\/exploraterra\/wp-content\/uploads\/2025\/01\/Festival-V-centenario-2022-32-1024x617-1.jpg\" alt=\"Festival-V-centenario-2022-32-1024x617 (1)\" \/><\/figure><\/div><div class=\"swiper-slide\" role=\"group\" aria-roledescription=\"slide\" aria-label=\"12 de 20\"><figure class=\"swiper-slide-inner\"><img decoding=\"async\" class=\"swiper-slide-image\" src=\"https:\/\/jumpers.work\/exploraterra\/wp-content\/uploads\/2025\/01\/Festival-V-centenario-2022-50-1024x617-1.jpg\" alt=\"Festival-V-centenario-2022-50-1024x617\" \/><\/figure><\/div><div class=\"swiper-slide\" role=\"group\" aria-roledescription=\"slide\" aria-label=\"13 de 20\"><figure class=\"swiper-slide-inner\"><img decoding=\"async\" class=\"swiper-slide-image\" src=\"https:\/\/jumpers.work\/exploraterra\/wp-content\/uploads\/2025\/01\/Festival-V-centenario-2022-244-1024x617-1.jpg\" alt=\"Festival-V-centenario-2022-244-1024x617\" \/><\/figure><\/div><div class=\"swiper-slide\" role=\"group\" aria-roledescription=\"slide\" aria-label=\"14 de 20\"><figure class=\"swiper-slide-inner\"><img decoding=\"async\" class=\"swiper-slide-image\" src=\"https:\/\/jumpers.work\/exploraterra\/wp-content\/uploads\/2025\/01\/Festival-V-centenario-2022-248-1024x617-1.jpg\" alt=\"Festival-V-centenario-2022-248-1024x617\" \/><\/figure><\/div><div class=\"swiper-slide\" role=\"group\" aria-roledescription=\"slide\" aria-label=\"15 de 20\"><figure class=\"swiper-slide-inner\"><img decoding=\"async\" class=\"swiper-slide-image\" src=\"https:\/\/jumpers.work\/exploraterra\/wp-content\/uploads\/2025\/01\/gale_19_-1024x617-1-1.jpg\" alt=\"gale_19_-1024x617 (1)\" \/><\/figure><\/div><div class=\"swiper-slide\" role=\"group\" aria-roledescription=\"slide\" aria-label=\"16 de 20\"><figure class=\"swiper-slide-inner\"><img decoding=\"async\" class=\"swiper-slide-image\" src=\"https:\/\/jumpers.work\/exploraterra\/wp-content\/uploads\/2025\/01\/galeon-1024x617-2.jpeg\" alt=\"galeon-1024x617\" \/><\/figure><\/div><div class=\"swiper-slide\" role=\"group\" aria-roledescription=\"slide\" aria-label=\"17 de 20\"><figure class=\"swiper-slide-inner\"><img decoding=\"async\" class=\"swiper-slide-image\" src=\"https:\/\/jumpers.work\/exploraterra\/wp-content\/uploads\/2025\/01\/nv_2021_2-1024x617-2.jpg\" alt=\"nv_2021_2-1024x617\" \/><\/figure><\/div><div class=\"swiper-slide\" role=\"group\" aria-roledescription=\"slide\" aria-label=\"18 de 20\"><figure class=\"swiper-slide-inner\"><img decoding=\"async\" class=\"swiper-slide-image\" src=\"https:\/\/jumpers.work\/exploraterra\/wp-content\/uploads\/2025\/01\/pf-1024x617-1.jpg\" alt=\"pf-1024x617\" \/><\/figure><\/div><div class=\"swiper-slide\" role=\"group\" aria-roledescription=\"slide\" aria-label=\"19 de 20\"><figure class=\"swiper-slide-inner\"><img decoding=\"async\" class=\"swiper-slide-image\" src=\"https:\/\/jumpers.work\/exploraterra\/wp-content\/uploads\/2025\/01\/trinidad-1024x617-2.jpg\" alt=\"trinidad-1024x617\" \/><\/figure><\/div><div class=\"swiper-slide\" role=\"group\" aria-roledescription=\"slide\" aria-label=\"20 de 20\"><figure class=\"swiper-slide-inner\"><img decoding=\"async\" class=\"swiper-slide-image\" src=\"https:\/\/jumpers.work\/exploraterra\/wp-content\/uploads\/2025\/01\/varios-1024x617-2.jpg\" alt=\"varios-1024x617\" \/><\/figure><\/div>\t\t\t<\/div>\n\t\t\t\t\t\t\t\t\t\t\t\t<div class=\"elementor-swiper-button elementor-swiper-button-prev\" role=\"button\" tabindex=\"0\">\n\t\t\t\t\t\t<svg xmlns=\"http:\/\/www.w3.org\/2000\/svg\" viewBox=\"0 0 77.43 64.81\"><defs><style>.cls-1{fill:#ff8300;}<\/style><\/defs><g id=\"Capa_2\" data-name=\"Capa 2\"><g id=\"Capa_1-2\" data-name=\"Capa 1\"><path class=\"cls-1\" d=\"M0,35.78V29.42C17.62,27.54,27.47,17.81,29.44,0h6.25c0,11.93-5.11,21.22-14.6,29l56.32-.12,0,6.69-56.49.12c7,5.57,11.62,11.84,13.62,19.78.75,3,1,6,1.58,9.31H29.57C25.75,45.18,18.68,38.21,0,35.78Z\"><\/path><\/g><\/g><\/svg>\t\t\t\t\t<\/div>\n\t\t\t\t\t<div class=\"elementor-swiper-button elementor-swiper-button-next\" role=\"button\" tabindex=\"0\">\n\t\t\t\t\t\t<svg xmlns=\"http:\/\/www.w3.org\/2000\/svg\" viewBox=\"0 0 77.43 64.82\"><defs><style>.cls-1{fill:#ff8300;}<\/style><\/defs><g id=\"Capa_2\" data-name=\"Capa 2\"><g id=\"Capa_1-2\" data-name=\"Capa 1\"><path class=\"cls-1\" d=\"M77.43,29.2v6.36C59.79,37.35,49.89,47,47.83,64.82l-6.25,0c.11-11.93,5.22-21.19,14.74-28.94L0,35.7,0,29l56.48.15C49.56,23.56,45,17.27,43,9.32c-.73-3-1-6.06-1.53-9.32L48,0C51.74,19.67,58.78,26.67,77.43,29.2Z\"><\/path><\/g><\/g><\/svg>\t\t\t\t\t<\/div>\n\t\t\t\t\n\t\t\t\t\t\t\t\t\t<\/div>\n\t\t\t\t<\/div>\n\t\t\t\t<\/div>\n\t\t\t\t<\/div>\n\t\t\t\t<\/div>\n\t\t","protected":false},"excerpt":{"rendered":"<p>Fundaci\u00f3n Nao Victoria Exploraterra es un centro cultural creado por la\u00a0Fundaci\u00f3n Nao Victoria\u00a0para acercar la primera vuelta al mundo y la historia de la exploraci\u00f3n a todos los p\u00fablicos, fomentar el conocimiento de la historia mar\u00edtima de Andaluc\u00eda y conectarla con el presente y el futuro de la exploraci\u00f3n cient\u00edfica y geogr\u00e1fica. A las actividades [&hellip;]<\/p>\n","protected":false},"author":1,"featured_media":0,"parent":0,"menu_order":0,"comment_status":"closed","ping_status":"closed","template":"","meta":{"footnotes":""},"class_list":["post-387","page","type-page","status-publish","hentry"],"_links":{"self":[{"href":"https:\/\/jumpers.work\/exploraterra\/wp-json\/wp\/v2\/pages\/387","targetHints":{"allow":["GET"]}}],"collection":[{"href":"https:\/\/jumpers.work\/exploraterra\/wp-json\/wp\/v2\/pages"}],"about":[{"href":"https:\/\/jumpers.work\/exploraterra\/wp-json\/wp\/v2\/types\/page"}],"author":[{"embeddable":true,"href":"https:\/\/jumpers.work\/exploraterra\/wp-json\/wp\/v2\/users\/1"}],"replies":[{"embeddable":true,"href":"https:\/\/jumpers.work\/exploraterra\/wp-json\/wp\/v2\/comments?post=387"}],"version-history":[{"count":22,"href":"https:\/\/jumpers.work\/exploraterra\/wp-json\/wp\/v2\/pages\/387\/revisions"}],"predecessor-version":[{"id":837,"href":"https:\/\/jumpers.work\/exploraterra\/wp-json\/wp\/v2\/pages\/387\/revisions\/837"}],"wp:attachment":[{"href":"https:\/\/jumpers.work\/exploraterra\/wp-json\/wp\/v2\/media?parent=387"}],"curies":[{"name":"wp","href":"https:\/\/api.w.org\/{rel}","templated":true}]}}