{"id":865,"date":"2025-01-14T17:46:17","date_gmt":"2025-01-14T16:46:17","guid":{"rendered":"https:\/\/jumpers.work\/exploraterra\/?page_id=865"},"modified":"2025-01-14T18:01:56","modified_gmt":"2025-01-14T17:01:56","slug":"aviso-legal","status":"publish","type":"page","link":"https:\/\/jumpers.work\/exploraterra\/aviso-legal\/","title":{"rendered":"Aviso Legal"},"content":{"rendered":"\t\t<div data-elementor-type=\"wp-page\" data-elementor-id=\"865\" class=\"elementor elementor-865\" data-elementor-post-type=\"page\">\n\t\t\t\t<div class=\"elementor-element elementor-element-84e9562 e-con-full e-flex e-con e-parent\" data-id=\"84e9562\" data-element_type=\"container\">\n\t\t\t\t<div class=\"elementor-element elementor-element-71dc25d elementor-widget elementor-widget-heading\" data-id=\"71dc25d\" data-element_type=\"widget\" data-widget_type=\"heading.default\">\n\t\t\t\t<div class=\"elementor-widget-container\">\n\t\t\t<h2 class=\"elementor-heading-title elementor-size-default\">Aviso Legal<\/h2>\t\t<\/div>\n\t\t\t\t<\/div>\n\t\t\t\t<div class=\"elementor-element elementor-element-61fd027 elementor-widget elementor-widget-text-editor\" data-id=\"61fd027\" data-element_type=\"widget\" data-widget_type=\"text-editor.default\">\n\t\t\t\t<div class=\"elementor-widget-container\">\n\t\t\t\t\t\t\t<ol><li><strong>Informaci\u00f3n legal<\/strong><\/li><\/ol><p>En cumplimiento del deber de informaci\u00f3n establecido en el art\u00edculo 10 de la Ley 34\/2002, de Servicios de la Sociedad de la Informaci\u00f3n y de Comercio Electr\u00f3nico, le comunicamos que el titular del dominio web www.espacioexploraterra.org \/.com es la Fundaci\u00f3n Nao Victoria, cuyos datos identificativos y de contacto son los siguientes:<\/p><p>Titular: Fundaci\u00f3n Nao Victoria<\/p><p>Domicilio: Avenida de la Borbolla, 43, 41013 \u2013 Sevilla<\/p><p>CIF: G91612507.<\/p><p>Direcci\u00f3n de correo electr\u00f3nico: RGPD@fundacionnaovictoria.org.<\/p><p>Tel\u00e9fono: 954090956.<\/p><p>Datos registrales: Fecha constituci\u00f3n 11\/12\/2006 ante el Notario: Pedro Antonio Romero Candau, con N\u00famero Protocolo: 6199, siendo sus Fundadores: C\u00e1mara Oficial de Comercio, Industria y Navegaci\u00f3n Sevilla \/ Prodetur, S.A.<\/p><p>Registro de Fundaciones Andaluzas: Inscrita en la Secci\u00f3n Registral Segunda: \u00abFundaciones culturales, c\u00edvicas y deportivas\u00bb Registrada: 28\/03\/2007 N\u00famero: SE\/1060<\/p><p>\u00a0<\/p><ol start=\"2\"><li><strong>Objeto y \u00e1mbito de aplicaci\u00f3n<\/strong><\/li><\/ol><p>2.1.- Mediante este Aviso Legal se establecen las condiciones generales de uso que regulan el acceso, navegaci\u00f3n y uso de la p\u00e1gina web www.espacioexploraterra.org \/.com (en adelante, SITIO WEB), as\u00ed como las responsabilidades derivadas de la utilizaci\u00f3n de sus contenidos. Adicionalmente, la prestaci\u00f3n de determinados servicios o actividades en el marco del SITIO WEB podr\u00e1n quedar asimismo sometidas a otras condiciones particulares que pudieran establecerse y que, en su caso, sustituyan, complementen y\/o modifiquen las condiciones generales de uso de este Aviso Legal.\u00a0<\/p><p>2.2.- Este SITIO WEB es un servicio que LA FUNDACI\u00d3N NAO VICTORIA, pone a disposici\u00f3n de los usuarios de Internet con finalidad informativa, de comunicaci\u00f3n y comercial a trav\u00e9s de sus tiendas online pudiendo efectuar en cualquier momento y sin previo aviso las modificaciones que considere oportunas en su dise\u00f1o, configuraci\u00f3n y contenidos.<\/p><p>2.3.- El acceso y uso de este SITIO WEB atribuye al visitante la condici\u00f3n de USUARIO e implica su aceptaci\u00f3n de forma plena y sin reservas, desde dicho acceso y\/o uso, de todas y cada una de las condiciones de uso que LA FUNDACI\u00d3N NAO VICTORIA incluya en este Aviso Legal, en la versi\u00f3n publicada en el momento en que acceda al mismo. En este sentido, se entender\u00e1 por USUARIO a la persona que acceda, navegue, utilice o participe en los servicios y actividades desarrolladas en el SITIO WEB.<\/p><p>2.4.- El USUARIO se obliga a hacer un uso correcto del SITIO WEB, de conformidad con las leyes aplicables, la buena fe, el orden p\u00fablico, los usos del tr\u00e1fico y el presente Aviso Legal, respondiendo frente a LA FUNDACI\u00d3N NAO VICTORIA y frente a terceros de cualesquiera da\u00f1os y perjuicios que pudieran causarse como consecuencia del incumplimiento de dicha obligaci\u00f3n.<\/p><ol start=\"3\"><li><strong>Acceso y utilizaci\u00f3n del Sitio Web<\/strong><\/li><\/ol><p>3.1.- El acceso a este SITIO WEB es libre y gratuito, salvo en lo relativo al coste de conexi\u00f3n de la red de telecomunicaciones suministrada por el operador contratado por cada USUARIO.<\/p><p>3.2.- El USUARIO asume la responsabilidad del uso del SITIO WEB. Dicha responsabilidad se extiende al registro que fuese necesario para acceder a determinados servicios o contenidos.<\/p><p>El USUARIO se compromete a hacer un uso adecuado, diligente y l\u00edcito de los contenidos y servicios que LA FUNDACI\u00d3N NAO VICTORIA ofrece a trav\u00e9s del SITIO WEB, lo que conlleva, con car\u00e1cter enunciativo, pero no limitativo, no emplearlos para:<\/p><ol><li>Utilizar identidades falsas, o suplantar la identidad de otros usuarios en la utilizaci\u00f3n del SITIO WEB o de sus servicios.<\/li><li>Difundir contenidos o propaganda de car\u00e1cter racista, xen\u00f3fobo, pornogr\u00e1fico, de apolog\u00eda del terrorismo o atentatorio contra los derechos humanos.<\/li><li>Provocar da\u00f1os en los sistemas f\u00edsicos y l\u00f3gicos de LA FUNDACI\u00d3N NAO VICTORIA., de sus proveedores o de terceras personas, introducir en la red virus inform\u00e1ticos o cualesquiera otros sistemas f\u00edsicos y l\u00f3gicos que sean susceptibles de provocar los citados da\u00f1os.<\/li><li>Intentar acceder y, en su caso, utilizar las cuentas de correo electr\u00f3nico de otros usuarios y modificar o manipular sus mensajes.<\/li><li>Reproducir, copiar, distribuir, poner a disposici\u00f3n o de cualquier otra forma comunicar p\u00fablicamente, transformar o modificar los contenidos del SITIO WEB, con fines comerciales, en cualquier soporte y por cualquier medio t\u00e9cnico, sin la autorizaci\u00f3n previa y expresa del titular de los correspondientes derechos.<\/li><li>Introducir o incorporar como una actividad empresarial o profesional propia los contenidos y\/o servicios presentados en este SITIO WEB.<\/li><li>Vulnerar cualesquiera derechos de propiedad intelectual o industrial derivados de los contenidos del Sitio Web.<\/li><li>Utilizar este SITIO WEB, o los contenidos y\/o servicios en el obtenidos, para incurrir en actividades contrarias a la ley, a la buena fe o al orden p\u00fablico.<\/li><\/ol><p>3.3.- LA FUNDACI\u00d3N NAO VICTORIA se reserva el derecho a interrumpir en cualquier momento y sin previo aviso el acceso al SITIO WEB, as\u00ed como a interrumpir la prestaci\u00f3n de cualquiera o de todos los servicios que se prestan a trav\u00e9s de este, ya sea por motivos t\u00e9cnicos, de seguridad, o por cualquier otra causa.<\/p><ol start=\"4\"><li><strong>Protecci\u00f3n de datos personales<\/strong><\/li><\/ol><p>4.1.- LA FUNDACI\u00d3N NAO VICTORIA se compromete al tratamiento de los datos personales de manera respetuosa con los derechos de sus titulares, y de conformidad a la normativa de protecci\u00f3n de datos que se encuentre en vigor en cada momento.\u00a0<\/p><p>4.2.- En cada formulario de recogida de datos existente en el SITIO WEB se pone a disposici\u00f3n permanente del USUARIO una informaci\u00f3n b\u00e1sica de protecci\u00f3n de datos, relativa a la identificaci\u00f3n del responsable del tratamiento, los fines del tratamiento y los derechos susceptibles de ejercicio por el interesado, as\u00ed como un enlace a informaci\u00f3n adicional y detallada de protecci\u00f3n de datos incluida en la pol\u00edtica de privacidad del SITIO WEB.\u00a0La aceptaci\u00f3n expresa por el USUARIO de la pol\u00edtica de privacidad mediante el marcado de la correspondiente casilla, ser\u00e1 necesaria para que se tenga por cumplimentado el formulario y poder completar el proceso de env\u00edo. El contenido de dicha pol\u00edtica de privacidad podr\u00e1 ser objeto de modificaci\u00f3n para adaptarlo a cambios legislativos que puedan producirse, as\u00ed como a criterios y posiciones emitidas por las autoridades de control.\u00a0<\/p><p>4.3.- En el caso de que el USUARIO cumplimente voluntariamente cualquiera de los formularios online de recogida de datos disponibles en el SITIO WEB, se compromete a proporcionar datos exactos y veraces, as\u00ed como a comunicar a LA FUNDACI\u00d3N NAO VICTORIA cualquier modificaci\u00f3n de estos. Salvo en caso de indicarse expresamente lo contrario, los datos solicitados en nuestros formularios son necesarios para poder dar curso a su solicitud.<\/p><p>4.4.- Si un USUARIO facilitara datos personales de terceros, se obliga a cumplir, en relaci\u00f3n con dicha comunicaci\u00f3n, cuantas obligaciones deriven de la normativa de protecci\u00f3n de datos en vigor, y en particular los deberes de licitud del tratamiento y el deber de transparencia respecto del titular de los datos personales en relaci\u00f3n a la comunicaci\u00f3n de los mismos a LA FUNDACI\u00d3N NAO VICTORIA, exonerando y manteniendo indemne a \u00e9sta de cualquier responsabilidad.\u00a0<\/p><p>4.5.- No se permite que los menores de 14 a\u00f1os faciliten sus datos personales a trav\u00e9s del SITIO WEB, siendo necesaria la previa autorizaci\u00f3n expresa de sus padres o tutores. En todo caso, este SITIO WEB no se dirige a menores de edad.<\/p><ol start=\"5\"><li><strong>Propiedad intelectual e industrial<\/strong><\/li><\/ol><p>5.1.- LA FUNDACI\u00d3N NAO VICTORIA, por s\u00ed o como cesionaria, es titular de todos los derechos de propiedad intelectual e industrial de este SITIO WEB, as\u00ed como de los elementos contenidos en el mismo (a t\u00edtulo enunciativo, im\u00e1genes, sonido, audio, video, software o textos; marcas o logotipos, combinaciones de colores, estructura y dise\u00f1o, selecci\u00f3n de materiales usados, programas de ordenador necesarios para su funcionamiento, acceso y uso, etc.), titularidad de LA FUNDACI\u00d3N NAO VICTORIA o de sus licenciantes. Todos los derechos reservados.<\/p><p>5.2.- Quedan expresamente prohibidas la reproducci\u00f3n, la distribuci\u00f3n, la transformaci\u00f3n y la comunicaci\u00f3n p\u00fablica, incluida su modalidad de puesta a disposici\u00f3n, de la totalidad o parte de los contenidos del SITIO WEB con fines comerciales, en cualquier soporte y por cualquier medio t\u00e9cnico, sin la autorizaci\u00f3n previa y expresa de LA FUNDACI\u00d3N NAO VICTORIA<\/p><p>5.3.- El USUARIO se compromete a respetar los derechos de propiedad intelectual e industrial titularidad de LA FUNDACI\u00d3N NAO VICTORIA Podr\u00e1 visualizar los elementos del SITIO WEB e incluso imprimirlos, copiarlos y almacenarlos en el disco duro de su ordenador o en cualquier otro soporte f\u00edsico siempre y cuando sea, \u00fanica y exclusivamente, para su uso personal y privado. El USUARIO deber\u00e1 abstenerse de suprimir, alterar, eludir o manipular cualquier dispositivo de protecci\u00f3n o sistema de seguridad que estuviera instalado en el SITIO WEB.<\/p><ol start=\"6\"><li><strong>Exclusi\u00f3n de garant\u00edas y responsabilidad<\/strong><\/li><\/ol><p>6.1.- El contenido de este SITIO WEB tiene finalidad informativa y de creaci\u00f3n de un canal de comunicaci\u00f3n con los USUARIOS, sin que sus contenidos puedan considerarse como asesoramiento exhaustivo sobre cualesquiera materias. LA FUNDACI\u00d3N NAO VICTORIA no garantiza plenamente el acceso a todos los contenidos, ni su exhaustividad, correcci\u00f3n, vigencia o actualidad, ni su idoneidad o utilidad para un objetivo espec\u00edfico. LA FUNDACI\u00d3N NAO VICTORIA \u00a0excluye, hasta donde permita la ley, cualquier responsabilidad por los da\u00f1os y perjuicios de toda naturaleza derivados de, a t\u00edtulo enunciativo y no limitativo: errores u omisiones en los contenidos, falta de disponibilidad del SITIO WEB, o la transmisi\u00f3n de virus o programas maliciosos o lesivos en los contenidos. No obstante, LA FUNDACI\u00d3N NAO VICTORIA declara que ha adoptado medidas t\u00e9cnicas, dentro de sus posibilidades y del estado de la tecnolog\u00eda, para garantizar el funcionamiento del SITIO WEB y evitar la existencia y transmisi\u00f3n de virus y dem\u00e1s componentes da\u00f1inos a los USUARIOS.<\/p><p>6.2.- LA FUNDACI\u00d3N NAO VICTORIA no se hace responsable por la utilizaci\u00f3n que el USUARIO realice de los servicios y contenidos del SITIO WEB, ni de las opiniones vertidas por los USUARIOS a trav\u00e9s de los foros, chats, blogs u otras herramientas de participaci\u00f3n. El USUARIO reconoce y acepta que la utilizaci\u00f3n del SITIO WEB, as\u00ed como de sus servicios y contenidos, se realiza bajo su exclusivo riesgo y responsabilidad.<\/p><p>6.3.- El USUARIO ser\u00e1 \u00fanico responsable de las aportaciones y comentarios que realice en este SITIO WEB, y dem\u00e1s herramientas de participaci\u00f3n, reserv\u00e1ndose LA FUNDACI\u00d3N NAO VICTORIA el derecho a retirar del mismo aquellos que, a su criterio, considere no apropiados para su publicaci\u00f3n.<\/p><ol start=\"7\"><li><strong>Enlaces<\/strong><\/li><\/ol><p>7.1.- En el caso de que en el SITIO WEB se dispusiesen enlaces o hiperv\u00ednculos hacia otros sitios de Internet, LA FUNDACI\u00d3N NAO VICTORIA no ejercer\u00e1 ning\u00fan control sobre dichos sitios y contenidos. En ning\u00fan caso LA FUNDACI\u00d3N NAO VICTORIA asumir\u00e1 responsabilidad alguna por los contenidos de los sitios web ajenos enlazados, ni garantizar\u00e1 la disponibilidad t\u00e9cnica, calidad, fiabilidad, exactitud, amplitud, veracidad, legalidad o validez de cualquier material o informaci\u00f3n contenida en ninguno de dichos hiperv\u00ednculos u otros sitios de Internet. En este sentido, si los USUARIOS tuvieran conocimiento efectivo de la ilicitud de actividades desarrolladas a trav\u00e9s de estas p\u00e1ginas web de terceros enlazadas, deber\u00e1n comunicarlo inmediatamente a LA FUNDACI\u00d3N NAO VICTORIA a los efectos de que se proceda a deshabilitar el enlace de acceso a las mismas.<\/p><p>7.2.- Igualmente, la inclusi\u00f3n de cualquier tipo de enlace por parte de LA FUNDACI\u00d3N NAO VICTORIA a otros sitios de Internet no implicar\u00e1 que exista ning\u00fan tipo de relaci\u00f3n, asociaci\u00f3n, colaboraci\u00f3n o dependencia entre LA FUNDACI\u00d3N NAO VICTORIA y el titular del sitio web ajeno.<\/p><ol start=\"8\"><li><strong>Derecho de exclusi\u00f3n<\/strong><\/li><\/ol><p>8.1.- LA FUNDACI\u00d3N NAO VICTORIA se reserva el derecho a denegar o retirar el acceso al SITIO WEB y\/o a los contenidos y servicios ofrecidos en el mismo, sin necesidad de preaviso, a aquellos USUARIOS que incumplan las presentes condiciones generales de uso o las particulares que pudieran establecerse.<\/p><ol start=\"9\"><li><strong>Generalidades<\/strong><\/li><\/ol><p>9.1.- En caso de existir discrepancia entre lo establecido en estas condiciones generales de uso y las condiciones particulares de cada servicio espec\u00edfico, prevalecer\u00e1 lo dispuesto en \u00e9stas \u00faltimas.<\/p><p>9.2.- Si cualquier disposici\u00f3n o contenido de este Aviso Legal fuera declarado nulo o inaplicable, en todo o en parte, mediante resoluci\u00f3n firme por un Juzgado o Tribunal competente, dicha nulidad o inaplicaci\u00f3n no afectar\u00e1 a las restantes disposiciones de las condiciones de uso, que conservar\u00e1n su validez a todos los efectos.<\/p><p>9.3.- El no ejercicio o ejecuci\u00f3n por parte de LA FUNDACI\u00d3N NAO VICTORIA de cualquier derecho o disposici\u00f3n contenida en estas condiciones de uso no constituir\u00e1 una renuncia al mismo, salvo reconocimiento y acuerdo de esta por escrito.<\/p><p>9.4.- LA FUNDACI\u00d3N NAO VICTORIA podr\u00e1 modificar en todo o en parte y en cualquier momento las condiciones aqu\u00ed determinadas, y dichas modificaciones tendr\u00e1n vigencia desde el mismo momento de su publicaci\u00f3n en el SITIO WEB.\u00a0<\/p><ol start=\"10\"><li><strong>Ley aplicable y jurisdicci\u00f3n<\/strong><\/li><\/ol><p>La relaci\u00f3n establecida entre LA FUNDACI\u00d3N NAO VICTORIA y el USUARIO se regir\u00e1 por lo dispuesto en la normativa espa\u00f1ola en vigor. Para la resoluci\u00f3n de cualquier conflicto y, salvo disposici\u00f3n legal contraria, ambas partes se someten, con renuncia expresa a cualquier otro fuero, a los Juzgados y Tribunales de Sevilla.\u00a0<\/p><p>\u00daltima actualizaci\u00f3n:\u00a025\/10\/2024<\/p>\t\t\t\t\t\t<\/div>\n\t\t\t\t<\/div>\n\t\t\t\t<\/div>\n\t\t\t\t<\/div>\n\t\t","protected":false},"excerpt":{"rendered":"<p>Aviso Legal Informaci\u00f3n legal En cumplimiento del deber de informaci\u00f3n establecido en el art\u00edculo 10 de la Ley 34\/2002, de Servicios de la Sociedad de la Informaci\u00f3n y de Comercio Electr\u00f3nico, le comunicamos que el titular del dominio web www.espacioexploraterra.org \/.com es la Fundaci\u00f3n Nao Victoria, cuyos datos identificativos y de contacto son los siguientes: [&hellip;]<\/p>\n","protected":false},"author":1,"featured_media":0,"parent":0,"menu_order":0,"comment_status":"closed","ping_status":"closed","template":"","meta":{"footnotes":""},"class_list":["post-865","page","type-page","status-publish","hentry"],"_links":{"self":[{"href":"https:\/\/jumpers.work\/exploraterra\/wp-json\/wp\/v2\/pages\/865","targetHints":{"allow":["GET"]}}],"collection":[{"href":"https:\/\/jumpers.work\/exploraterra\/wp-json\/wp\/v2\/pages"}],"about":[{"href":"https:\/\/jumpers.work\/exploraterra\/wp-json\/wp\/v2\/types\/page"}],"author":[{"embeddable":true,"href":"https:\/\/jumpers.work\/exploraterra\/wp-json\/wp\/v2\/users\/1"}],"replies":[{"embeddable":true,"href":"https:\/\/jumpers.work\/exploraterra\/wp-json\/wp\/v2\/comments?post=865"}],"version-history":[{"count":7,"href":"https:\/\/jumpers.work\/exploraterra\/wp-json\/wp\/v2\/pages\/865\/revisions"}],"predecessor-version":[{"id":882,"href":"https:\/\/jumpers.work\/exploraterra\/wp-json\/wp\/v2\/pages\/865\/revisions\/882"}],"wp:attachment":[{"href":"https:\/\/jumpers.work\/exploraterra\/wp-json\/wp\/v2\/media?parent=865"}],"curies":[{"name":"wp","href":"https:\/\/api.w.org\/{rel}","templated":true}]}}