{"id":870,"date":"2025-01-14T17:54:13","date_gmt":"2025-01-14T16:54:13","guid":{"rendered":"https:\/\/jumpers.work\/exploraterra\/?page_id=870"},"modified":"2025-01-14T18:02:23","modified_gmt":"2025-01-14T17:02:23","slug":"politica-de-privacidad","status":"publish","type":"page","link":"https:\/\/jumpers.work\/exploraterra\/politica-de-privacidad\/","title":{"rendered":"Pol\u00edtica de Privacidad"},"content":{"rendered":"\t\t<div data-elementor-type=\"wp-page\" data-elementor-id=\"870\" class=\"elementor elementor-870\" data-elementor-post-type=\"page\">\n\t\t\t\t<div class=\"elementor-element elementor-element-84e9562 e-con-full e-flex e-con e-parent\" data-id=\"84e9562\" data-element_type=\"container\">\n\t\t\t\t<div class=\"elementor-element elementor-element-71dc25d elementor-widget elementor-widget-heading\" data-id=\"71dc25d\" data-element_type=\"widget\" data-widget_type=\"heading.default\">\n\t\t\t\t<div class=\"elementor-widget-container\">\n\t\t\t<h2 class=\"elementor-heading-title elementor-size-default\">Pol\u00edtica de Privacidad<\/h2>\t\t<\/div>\n\t\t\t\t<\/div>\n\t\t\t\t<div class=\"elementor-element elementor-element-61fd027 elementor-widget elementor-widget-text-editor\" data-id=\"61fd027\" data-element_type=\"widget\" data-widget_type=\"text-editor.default\">\n\t\t\t\t<div class=\"elementor-widget-container\">\n\t\t\t\t\t\t\t<p>De acuerdo con lo establecido en el Reglamento (UE) 2016\/679 del Parlamento Europeo y del Consejo, de 27 de abril de 2016, relativo a la protecci\u00f3n de las personas f\u00edsicas en lo que respecta al tratamiento de datos personales y a la libre circulaci\u00f3n de estos datos (RGPD) y LO 3\/2018, de 5 de diciembre, de Protecci\u00f3n de Datos Personales y garant\u00eda de los derechos digitales (LOPDGDD), les informamos sobre el tratamiento de los datos personales que nos facilitan a trav\u00e9s de nuestra Web.<\/p><p><strong>RESPONSABLE DEL TRATAMIENTO<\/strong><\/p><p>El responsable del tratamiento de sus datos es Fundaci\u00f3n Nao Victoria, NIF G91612507 Direcci\u00f3n Avenida de la Borbolla, 43, 41013 \u2013 Sevilla. Correo electr\u00f3nico RGPD@fundacionnaovictoria.org. Tel\u00e9fono 954090956\u00a0\u00a0\u00a0\u00a0\u00a0\u00a0\u00a0\u00a0\u00a0\u00a0\u00a0\u00a0\u00a0\u00a0\u00a0\u00a0\u00a0 \u00a0<\/p><p><strong>FINALIDAD CON LA QUE TRATAREMOS SUS DATOS<\/strong><\/p><p>En funci\u00f3n de c\u00f3mo interact\u00fae con nosotros a trav\u00e9s de la Web y de la relaci\u00f3n que se establezca, trataremos sus datos personales para las siguientes finalidades.<\/p><p><strong>Formulario de contacto \/direcciones de correo que aparecen en la Web:<\/strong>\u00a0Los datos proporcionados mediante el env\u00edo de este formulario o de las direcciones de mail que aparecen en la p\u00e1gina ser\u00e1n utilizados para responder a la consulta que nos plantee, remitirle la informaci\u00f3n solicitada y ponernos en contacto con usted.<\/p><p><strong>Aceptaci\u00f3n de env\u00edo de informaci\u00f3n sobre actividades, ofertas y noticias del sector:<\/strong>\u00a0Utilizaremos estos datos para remitirle por cualquier medio, incluidos medios electr\u00f3nicos, informaci\u00f3n sobre actividades, ofertas y noticias de nuestro sector, en el caso de marcar la casilla correspondiente en el formulario o solicitar la suscripci\u00f3n a la Newsletter.<\/p><p><strong>Creaci\u00f3n de cuenta de usuario (compra de entradas):\u00a0<\/strong>Los datos facilitados ser\u00e1n tratados con la finalidad de crear una cuenta para su registro como usuario identificado, lo cual le permitir\u00e1 adquirir entradas en nuestra Web, recordar su informaci\u00f3n a la hora de hacer futuros pedidos, agilizar su proceso de compra, acceder a la informaci\u00f3n de sus pedidos y seguir su estado.<\/p><p><strong>Formulario de compra (como usuario registrado):<\/strong>\u00a0Los datos facilitados ser\u00e1n tratados para la correcta ejecuci\u00f3n del contrato de compraventa establecido con nosotros, lo cual incluye: tramitar su pedido, proceder a la facturaci\u00f3n, cobro y env\u00edo del mismo, mantener el contacto con usted para remitirle comunicaciones informativas con relaci\u00f3n a los productos o servicios contratados Gesti\u00f3n de posibles devoluciones\/ cambios.<\/p><p><strong>LEGITIMACI\u00d3N PARA EL TRATAMIENTO DE SUS DATOS<\/strong><\/p><p><strong>Formulario de contacto\/direcciones de correo que aparecen en la Web:\u00a0<\/strong>La base que legitima el tratamiento de sus datos es la ejecuci\u00f3n de medidas precontractuales a petici\u00f3n del interesado (respuesta a consultas e informaci\u00f3n a usuarios que a\u00fan no son clientes) y la ejecuci\u00f3n de un contrato (respuesta a consultas e informaci\u00f3n a clientes) (art\u00edculo 6.1 b RGPD)<\/p><p><strong>Aceptaci\u00f3n de env\u00edo de informaci\u00f3n sobre ofertas, actividades y noticias del sector<\/strong>: La base legitimadora del tratamiento en los casos indicados es el consentimiento del interesado, que voluntariamente acepta el env\u00edo de informaci\u00f3n promocional mediante la marcaci\u00f3n de la correspondiente casilla en el formulario (art\u00edculo 6.1 a RGPD). Podr\u00e1 revocar con posterioridad el consentimiento otorgado, siguiendo las indicaciones para la baja de la suscripci\u00f3n que recibir\u00e1 en cada una de nuestras comunicaciones.<\/p><p>\u00a0<\/p><p>\u00a0<\/p><p><strong>Creaci\u00f3n de cuenta de usuario (compra de entradas):<\/strong>\u00a0El tratamiento de sus datos est\u00e1 legitimado en la aplicaci\u00f3n a petici\u00f3n del interesado de medidas precontractuales (poder optar a las ventajas de ser usuario registrado cuando vaya a realizar compras en la Web) o la ejecuci\u00f3n de un contrato en el que el interesado es parte (compras realizadas) (art\u00edculo 6.1 b RGPD).<\/p><p><strong>Formulario de compra (como usuario registrado)<\/strong>\u00a0El tratamiento de sus datos est\u00e1 legitimado en la ejecuci\u00f3n de un contrato en el que el interesado es parte (compras realizadas) (art\u00edculo 6.1 b RGPD).<\/p><p>\u00a0<\/p><p><strong>PLAZO DE CONSERVACI\u00d3N DE SUS DATOS<\/strong><\/p><p><strong>Cuentas de usuario<\/strong>\u00a0Los datos de su cuenta de usuario ser\u00e1n conservados mientras usted no elimine su registro como usuario identificado para poder realizar compras e interactuar en la Web. Posteriormente los datos ser\u00e1n conservados durante los plazos que est\u00e9 previsto legalmente y durante el tiempo en que pudieran surgir responsabilidades derivadas del tratamiento de los datos.<\/p><p><strong>Compras.<\/strong>\u00a0Los datos aportados para la realizaci\u00f3n de compras ser\u00e1n conservados mientras dure la relaci\u00f3n contractual\/comercial establecida, y con posterioridad, durante los plazos establecidos legalmente y para la resoluci\u00f3n de posibles responsabilidades derivadas de la misma. Los datos relativos a pagos y facturaci\u00f3n se conservar\u00e1n durante los plazos establecidos en la normativa correspondiente en materia econ\u00f3mico\/contable y fiscal.<\/p><p><strong>Env\u00edo informaci\u00f3n promocional:<\/strong>\u00a0En los supuestos en que el tratamiento est\u00e1 basado en el consentimiento los datos ser\u00e1n conservados mientras usted no retire el consentimiento otorgado para su tratamiento. En este supuesto, ser\u00e1n conservados debidamente bloqueados durante el tiempo en que pudieran surgir responsabilidades derivadas del tratamiento, en cumplimiento con la normativa vigente.<\/p><p>\u00a0<\/p><p><strong>COMUNICACIONES DE DATOS<\/strong><\/p><p>Los datos de facturaci\u00f3n\/fiscales ser\u00e1n comunicados a la Administraci\u00f3n Tributaria para el cumplimiento de obligaciones legales fiscales. Asimismo, en la realizaci\u00f3n de compras para cumplir con la relaci\u00f3n establecida y las finalidades indicadas sus datos podr\u00e1n ser facilitados a determinadas empresas como servicios t\u00e9cnicos, proveedores de pasarelas de pago etc. as\u00ed como en el resto de los supuestos en que la comunicaci\u00f3n est\u00e9 prevista legalmente.<\/p><p>El servicio de pago on line es proporcionado por las entidades Redsys que ocupan la posici\u00f3n de encargados del tratamiento de sus datos de pago conforme al art. 28 del RGPD con quienes tenemos suscrito contratos de adhesi\u00f3n.<\/p><p><strong>TRANSFERENCIAS INTERNACIONALES DE DATOS<\/strong><\/p><p>No se prev\u00e9n transferencias internacionales de datos.<\/p><p><strong>REDES SOCIALES<\/strong><\/p><p>En esta Web existen enlaces a los perfiles en redes sociales en los que tiene presencia ESPACIO EXPLORATERRA( FUNDACI\u00d3N NAO VICTORIA). Si decide seguirnos a trav\u00e9s de cualquier red social en la que contemos con perfil o p\u00e1gina, le informamos que gestionaremos las comunicaciones mediante las mismas de acuerdo con los t\u00e9rminos y condiciones de cada red social y que trataremos sus datos para gestionar la lista de personas interesadas en las actividades y noticias de FUNDACI\u00d3N NAO VICTORIA que se faciliten a trav\u00e9s de cada red social. Esta informaci\u00f3n siempre la recibir\u00e1 a trav\u00e9s de la red social en cuesti\u00f3n y mientras sea seguidor de FUNDACI\u00d3N NAO VICTORIA en la misma. Cada una de esas redes sociales cuenta con unos t\u00e9rminos y condiciones propios y son entidades ajenas a nosotros.<\/p><p><strong>DERECHOS DE ACCESO, RECTIFICACI\u00d3N, SUPRESI\u00d3N, LIMITACI\u00d3N, OPOSICI\u00d3N Y PORTABILIDAD<\/strong><\/p><p>Podr\u00e1 ejercer los derechos de acceso, rectificaci\u00f3n, supresi\u00f3n, limitaci\u00f3n y oposici\u00f3n en la direcci\u00f3n de correo electr\u00f3nico RGPD@fundacionnaovictoria.org con el asunto \u201cprotecci\u00f3n de datos\u201d o por escrito en la siguiente direcci\u00f3n Avenida de la Borbolla, 43, 41013 \u2013 Sevilla. Cuando el tratamiento est\u00e9 legitimado en el consentimiento o en la ejecuci\u00f3n de un contrato o precontrato y se efect\u00fae por medios automatizados tendr\u00e1 derecho a la portabilidad de sus datos, es decir, a que se le entreguen en formato estructurado, de uso com\u00fan y lectura mec\u00e1nica, incluso a remit\u00edrselos a un nuevo responsable<\/p><p><strong>DERECHO DE RECLAMACI\u00d3N A LA AUTORIDAD DE CONTROL<\/strong><\/p><p>Podr\u00e1 presentar reclamaci\u00f3n ante la Autoridad de Control en materia de Protecci\u00f3n de Datos competente, especialmente cuando no haya obtenido satisfacci\u00f3n en el ejercicio de sus derechos, mediante escrito dirigido a la Agencia Espa\u00f1ola de Protecci\u00f3n de Datos, C\/Jorge Juan n\u00ba 6, 28001 Madrid o bien accediendo a su sede electr\u00f3nica a trav\u00e9s de la web\u00a0<a href=\"http:\/\/www.aepd.es\/\">www.aepd.es<\/a><\/p><p><strong><u>\u00a0<\/u><\/strong><\/p><p><strong><u>INFORMACI\u00d3N SOBRE EJERCICIO DE DERECHOS<\/u><\/strong><\/p><p><strong>DERECHOS DE LOS INTERESADOS<\/strong><\/p><p>FUNDACI\u00d3N NAO VICTORIA facilitar\u00e1 a los interesados que lo soliciten, el ejercicio de sus derechos en virtud de lo establecido en los art\u00edculos 15 y siguientes del RGPD<\/p><p>El ejercicio de los derechos es personal\u00edsimo, por lo que deber\u00e1 solicitarlo el propio interesado, y en el caso de menores o incapacitados, su representante legal.<\/p><p>Tambi\u00e9n podr\u00e1n ser solicitados mediante representaci\u00f3n voluntaria, debiendo quedar acreditada la identidad del representado y la representaci\u00f3n otorgada<\/p><h4>MODELOS PARA SOLICITAR EL EJERCICIO DE DERECHOS<\/h4><p>A continuaci\u00f3n, ponemos a su disposici\u00f3n los distintos modelos de formularios elaborados por la Agencia Espa\u00f1ola de Protecci\u00f3n de Datos para la solicitud de ejercicio de derechos y las instrucciones para cumplimentarlos.<\/p><ul><li>Ejercicio del derecho de\u00a0<a href=\"https:\/\/www.aepd.es\/es\/documento\/formulario-derecho-de-acceso.pdf\">acceso<\/a>.<\/li><li>Ejercicio del derecho de\u00a0<a href=\"https:\/\/www.aepd.es\/es\/documento\/formulario-derecho-de-rectificacion.pdf\">rectificaci\u00f3n.<\/a><\/li><li>Ejercicio del derecho de\u00a0<a href=\"https:\/\/www.aepd.es\/es\/documento\/formulario-derecho-de-oposicion.pdf\">oposici\u00f3n<\/a>.<\/li><li>Ejercicio del derecho a la\u00a0<a href=\"https:\/\/www.aepd.es\/es\/documento\/formulario-derecho-de-limitacion.pdf\">limitaci\u00f3n<\/a>\u00a0del tratamiento.<\/li><li>Ejercicio del derecho de\u00a0<a href=\"https:\/\/www.aepd.es\/es\/documento\/formulario-derecho-de-supresion.pdf\">supresi\u00f3n<\/a>.<\/li><li>Ejercicio del derecho a no ser objeto de decisiones\u00a0<a href=\"https:\/\/www.aepd.es\/es\/documento\/formulario-derecho-de-oposicion-decisiones-automatizadas.pdf\">individuales<\/a>\u00a0automatizadas.<\/li><li>Ejercicio del derecho a la\u00a0<a href=\"https:\/\/www.aepd.es\/es\/documento\/formulario-derecho-de-portabilidad.pdf\">portabilidad<\/a>\u00a0de los datos.<\/li><\/ul><p>\u00a0<\/p>\t\t\t\t\t\t<\/div>\n\t\t\t\t<\/div>\n\t\t\t\t<\/div>\n\t\t\t\t<\/div>\n\t\t","protected":false},"excerpt":{"rendered":"<p>Pol\u00edtica de Privacidad De acuerdo con lo establecido en el Reglamento (UE) 2016\/679 del Parlamento Europeo y del Consejo, de 27 de abril de 2016, relativo a la protecci\u00f3n de las personas f\u00edsicas en lo que respecta al tratamiento de datos personales y a la libre circulaci\u00f3n de estos datos (RGPD) y LO 3\/2018, de [&hellip;]<\/p>\n","protected":false},"author":1,"featured_media":0,"parent":0,"menu_order":0,"comment_status":"closed","ping_status":"closed","template":"","meta":{"footnotes":""},"class_list":["post-870","page","type-page","status-publish","hentry"],"_links":{"self":[{"href":"https:\/\/jumpers.work\/exploraterra\/wp-json\/wp\/v2\/pages\/870","targetHints":{"allow":["GET"]}}],"collection":[{"href":"https:\/\/jumpers.work\/exploraterra\/wp-json\/wp\/v2\/pages"}],"about":[{"href":"https:\/\/jumpers.work\/exploraterra\/wp-json\/wp\/v2\/types\/page"}],"author":[{"embeddable":true,"href":"https:\/\/jumpers.work\/exploraterra\/wp-json\/wp\/v2\/users\/1"}],"replies":[{"embeddable":true,"href":"https:\/\/jumpers.work\/exploraterra\/wp-json\/wp\/v2\/comments?post=870"}],"version-history":[{"count":7,"href":"https:\/\/jumpers.work\/exploraterra\/wp-json\/wp\/v2\/pages\/870\/revisions"}],"predecessor-version":[{"id":885,"href":"https:\/\/jumpers.work\/exploraterra\/wp-json\/wp\/v2\/pages\/870\/revisions\/885"}],"wp:attachment":[{"href":"https:\/\/jumpers.work\/exploraterra\/wp-json\/wp\/v2\/media?parent=870"}],"curies":[{"name":"wp","href":"https:\/\/api.w.org\/{rel}","templated":true}]}}