{"id":886,"date":"2025-01-14T18:02:57","date_gmt":"2025-01-14T17:02:57","guid":{"rendered":"https:\/\/jumpers.work\/exploraterra\/?page_id=886"},"modified":"2025-01-14T18:03:54","modified_gmt":"2025-01-14T17:03:54","slug":"terminos-y-condiciones-de-compra","status":"publish","type":"page","link":"https:\/\/jumpers.work\/exploraterra\/terminos-y-condiciones-de-compra\/","title":{"rendered":"T\u00e9rminos y Condiciones de Compra"},"content":{"rendered":"\t\t<div data-elementor-type=\"wp-page\" data-elementor-id=\"886\" class=\"elementor elementor-886\" data-elementor-post-type=\"page\">\n\t\t\t\t<div class=\"elementor-element elementor-element-84e9562 e-con-full e-flex e-con e-parent\" data-id=\"84e9562\" data-element_type=\"container\">\n\t\t\t\t<div class=\"elementor-element elementor-element-71dc25d elementor-widget elementor-widget-heading\" data-id=\"71dc25d\" data-element_type=\"widget\" data-widget_type=\"heading.default\">\n\t\t\t\t<div class=\"elementor-widget-container\">\n\t\t\t<h2 class=\"elementor-heading-title elementor-size-default\">T\u00e9rminos y Condiciones de Compra<\/h2>\t\t<\/div>\n\t\t\t\t<\/div>\n\t\t\t\t<div class=\"elementor-element elementor-element-61fd027 elementor-widget elementor-widget-text-editor\" data-id=\"61fd027\" data-element_type=\"widget\" data-widget_type=\"text-editor.default\">\n\t\t\t\t<div class=\"elementor-widget-container\">\n\t\t\t\t\t\t\t<p><strong>1.- OBJETO Y \u00c1MBITO DE APLICACI\u00d3N<\/strong><\/p><p><strong>1.1.-<\/strong>\u00a0Las presentes Condiciones generales de compra (en adelante, las \u201cCONDICIONES\u201d) tienen como objeto regular la relaci\u00f3n jur\u00eddica derivada de la compra online de productos o servicios a trav\u00e9s de la p\u00e1gina Web https:\/\/espacioexploraterra.org\/ (en adelante, el \u201cSITIO WEB\u201d), pudiendo ser adquiridos por cualquier usuario que cumpla con los t\u00e9rminos establecidos en estas CONDICIONES.<\/p><p><strong>1.2.-<\/strong>\u00a0Las presentes CONDICIONES tendr\u00e1n un per\u00edodo de validez indefinido y ser\u00e1n aplicables a todas las compras realizadas a trav\u00e9s del SITIO WEB.<\/p><p><strong>1.3.-<\/strong>\u00a0La persona que realice una compra o adquiera un servicio a trav\u00e9s del SITIO WEB (en adelante, el \u201cCLIENTE\u201d), quedar\u00e1 vinculada por lo dispuesto en estas CONDICIONES, por lo que no deber\u00e1 realizar pedidos en caso de no estar de acuerdo con cualquiera de sus t\u00e9rminos. Asimismo, se aplicar\u00e1 a la compra online de productos o servicios a trav\u00e9s del SITIO WEB lo dispuesto en el\u00a0<a href=\"https:\/\/espacioexploraterra.org\/aviso-legal\/\"><u>Aviso legal<\/u><\/a>\u00a0y en la\u00a0<a href=\"https:\/\/espacioexploraterra.org\/politica-privacidad\/\"><u>Pol\u00edtica de privacidad<\/u><\/a>\u00a0que se publican en el mismo.<\/p><p><strong>1.4.-<\/strong>\u00a0La compra online de los productos y contrataci\u00f3n de los servicios ofertados a trav\u00e9s de este SITIO WEB est\u00e1 disponible tanto para para personas f\u00edsicas mayores de edad que re\u00fanan la condici\u00f3n de consumidores o usuarios, como para personas f\u00edsicas que act\u00faen por s\u00ed mismas o en representaci\u00f3n de personas jur\u00eddicas con un prop\u00f3sito relacionado con su actividad empresarial o profesional. Al aceptar estas CONDICIONES durante el proceso de compra, el CLIENTE declara y garantiza que cumple dichos requisitos. Durante el proceso de compra se solicitar\u00e1 al CLIENTE que indique si realiza el pedido como consumidor, para fines personales o no profesionales, o con un prop\u00f3sito relacionado con su actividad empresarial o profesional.<\/p><p>El uso de este Sitio Web para realizar pedidos est\u00e1 limitado \u00fanicamente a personas f\u00edsicas o jur\u00eddicas que, de conformidad con la legislaci\u00f3n aplicable, tengan o adquieran la condici\u00f3n de consumidores o usuarios conforme al art. 3 de la Ley General para la Defensa de los Consumidores y Usuarios; en adelante, LGDCU. Si compra como profesional no se le aplicar\u00e1 la LGDCU, tan solo lo indicado en el art. 27 de la LSSICE<\/p><p><strong>1.5<\/strong>.- El CLIENTE es \u00fanico responsable de la veracidad de todos los datos que facilite a trav\u00e9s de los formularios online del SITIO WEB.<\/p><p><strong>1.6<\/strong>.- Los pedidos a trav\u00e9s de este SITIO WEB \u00fanicamente podr\u00e1n formalizarse en castellano e ingl\u00e9s, teniendo en cuenta que en caso de discrepancia prevalecer\u00e1 la redacci\u00f3n en castellano.<\/p><p><strong>2.- IDENTIFICACI\u00d3N DEL PRESTADOR DE SERVICIOS DE LA SOCIEDAD DE LA INFORMACI\u00d3N Y VENDEDOR DE LOS PRODUCTOS<\/strong><\/p><p><strong>2.1.-<\/strong>\u00a0El titular del SITIO WEB que proporciona el servicio de venta online de productos es Fundaci\u00f3n Nao Victoria (en adelante, EMPRESA o nosotros), provisto de CIF: G91612507., cuya direcci\u00f3n y datos de contacto son los siguientes:<\/p><ul><li>Direcci\u00f3n postal: Paseo Alcalde Marqu\u00e9s de Contadero, edif. 1 41001 Sevilla.<\/li><li>Direcci\u00f3n electr\u00f3nica:<\/li><\/ul><p>info@espacioexploraterra.org,<br \/>eventos@fundacionnaovictoria.org<br \/>reservas@espacioexploraterra.org<br \/>colegios@espacioexploraterra.org<\/p><p><strong>tickets@fundacionnaovictoria.org<\/strong><\/p><ul><li>Tel\u00e9fono: +34 954 470 891<\/li><\/ul><p><strong>2.2.-<\/strong>\u00a0EMPRESA se reserva el derecho de modificar estas CONDICIONES en cualquier momento, sin que ello pueda afectar a las compras realizadas a trav\u00e9s del SITIO WEB con anterioridad a la modificaci\u00f3n. Es responsabilidad del CLIENTE revisar la versi\u00f3n vigente de las CONDICIONES antes de efectuar un pedido.<\/p><p><strong>2.3.-<\/strong>\u00a0Nos reservamos el derecho a denegar y\/o retirar el acceso a este SITIO WEB, en cualquier momento y sin necesidad de preaviso, a aquellos usuarios que incumplan estas CONDICIONES.<\/p><p>\u00a0<\/p><p><strong>3.- DESCRIPCI\u00d3N DE LOS PRODUCTOS, \u00c1MBITO GEOGR\u00c1FICO Y DISPONIBILIDAD<\/strong><\/p><p><strong>3.1.-\u00a0<\/strong>Los servicios que se ofrecen a la venta en este SITIO WEB son los incluidos en cada momento men\u00fa del mismo, conforme a la descripci\u00f3n disponible de sus caracter\u00edsticas principales, que incluye<\/p><p><strong>Eventos<\/strong>\u00a0(Conferencias \/ Charlas \/ Recepciones \/ Talleres \/ Eventos VIP \/ Workshop \/ Conciertos \/ Sampling de productos \/ Soportes de imagen \/ Encuentros Sociales \/ Reuniones \/ Cenas de Gala),\u00a0<strong>visitas<\/strong>\u00a0escolares, para particulares y grupos con la posibilidad de comprar entradas online y un enlace a la tienda online de Nao Victoria que se regir\u00e1 por los t\u00e9rminos y condiciones propios de esa web enlazada.<\/p><p><strong>3.2.-<\/strong>\u00a0La compra de entradas se limitan a Espacio Exploraterra y las exposiciones que en cada momento se definan en la web y a los horarios definidos en la web. No existe limitaci\u00f3n geogr\u00e1fica para su compra, pudiendo ser adquiridos desde cualquier lugar del mundo.<\/p><p><strong>3.3.-<\/strong>\u00a0Todos los pedidos de entradas est\u00e1n sujetos a la disponibilidad de las mismos hasta completar los aforos y turnos establecidos. Si no hubiera entradas disponibles, sea cual fuere el motivo, se mostrar\u00e1 en el SITIO WEB la indicaci\u00f3n \u201cfuera de stock\u201d, \u201cno disponible\u201d o similar. Si por el contrario el SITIO WEB no informara de la falta de disponibilidad de entradas, pese a estar fuera de stock, nos pondremos en contacto con el CLIENTE para informarle de esta circunstancia para ofrecerle la posibilidad de cambiar fechas o la cancelaci\u00f3n del pedido con reembolso del importe que hubiera abonado.<\/p><p><strong>3.4.-<\/strong>\u00a0Nos reservamos el derecho de retirar cualquier entrada de este SITIO WEB en cualquier momento, as\u00ed como a modificar y actualizar nuestro cat\u00e1logo.<\/p><p>\u00a0<\/p><p><strong>4.- PROCEDIMIENTO DE COMPRA<\/strong><\/p><p><strong>4.1.-Para poder comprar en el apartado \u201cENTRADAS\u201d:\u00a0<\/strong>Al pinchar sobre el bot\u00f3n \u201cENTRADAS\u201d se abrir\u00e1 una nueva p\u00e1gina donde podr\u00e1 comprar entradas para las visitas a las exposiciones que en cada momento disponga la Fundaci\u00f3n Nao Victoria.<\/p><p><strong>4.2.-<\/strong>Si desde comprar entradas para visitar las exposiciones disponibles, deber\u00e1s pinchar en el bot\u00f3n \u201cCOMPRAR\u201d y se abrir\u00e1 una nueva p\u00e1gina que dispone de una breve explicaci\u00f3n de la exposici\u00f3n, los horarios y fechas, as\u00ed como los diferentes tipos de precios que ofrecemos a los visitantes.<\/p><p><strong>4.3.-<\/strong>Elija la fecha en la que desea visitar la exposici\u00f3n y el horario que mejor se ajuste a su visita y pulse \u201cSELECCIONAR\u201d.<\/p><p><strong>4.4.-<\/strong>A continuaci\u00f3n, deber\u00e1 elegir de entre las tarifas que ofrecemos las correspondientes al n\u00famero de ni\u00f1os (entre 5 y 14a\u00f1os) Adultos (a partir de 14 a\u00f1os) o Familiar (2 adultos y hasta 3 ni\u00f1os menores de 14 a\u00f1os) Tarifas especial nacidos o residentes en Sevilla Capital, Mayores de 65 a\u00f1os o grupos superiores a 20 personas u otras opciones que en cada momento se ofrezcan. Tenga en cuenta que la condici\u00f3n de nacido, residente en Sevilla o mayor de 65 a\u00f1os se deber\u00e1 acreditar con la exhibici\u00f3n del DNI o equivalente<\/p><p><strong>4.5<\/strong>.-Al realizar su elecci\u00f3n se reflejar\u00e1 el precio total de su compra y el siguiente paso ser\u00e1 pulsar el bot\u00f3n \u201cA\u00d1ADIR A LA CESTA\u201d.<\/p><p><strong>4.6<\/strong>.-En este momento le aparecer\u00e1 en la pantalla un resumen de su compra, que podr\u00e1 borrar, pulsando en \u201cBORRAR\u201d o si pulsa \u201cCONTINUAR COMPRANDO\u201d le mantendr\u00e1 en la bolsa la compra actual y podr\u00e1 ampliarla iniciando el proceso de compra de nuevo. Tambi\u00e9n el sistema le permite imprimir la oferta<\/p><p><strong>4.7<\/strong>.-En todo momento podr\u00e1 modificar la Compra si ha cometido alg\u00fan error o si quiere modificarla, pulsando sobre \u201cEDITAR TU CESTA\u201d.<\/p><p><strong>4.8<\/strong>.-Si todo est\u00e1 correcto deber\u00e1 pinchar en el bot\u00f3n \u201cCOMPRAR AHORA\u201d y el sistema le pedir\u00e1 que acceda con su cuenta de usuario, si es usuario registrado y de no ser as\u00ed deber\u00e1 \u201cCREAR UNA CUENTA NUEVA\u201d. Tambi\u00e9n se le ofrece la posibilidad de comprar como invitado, sin necesidad de registro. \u00a0Una vez pulsado deber\u00e1 cumplimentar el formulario, eligiendo correo y contrase\u00f1a de acceso y cumplimentando los datos que se le soliciten para completar el proceso de registro.<\/p><p><strong>4.9<\/strong>.-Tambi\u00e9n se le indica si quiere incluir el nombre del beneficiario de la entrada en aquellos casos en que compre m\u00e1s de una, incluyendo nombre y apellidos de la persona beneficiaria de la entrada, pero esta opci\u00f3n es voluntaria, si no quiere incluirlo pulse \u201cGuardar y continuar\u201d.<\/p><p><strong>4.10<\/strong>.-A continuaci\u00f3n, debe pulsar \u201cGUARDAR Y CONTINUAR\u201d Y \u201cCONTIN\u00daA\u201d.<\/p><p><strong>4.11<\/strong>.-El m\u00e9todo de entrega de las entradas por defecto es electr\u00f3nico e inmediato.<\/p><p><strong>4.12<\/strong>.-Le volveremos a mostrar el resumen de la compra de entradas con toda su informaci\u00f3n.<\/p><p><strong>4.13<\/strong>.-Al final del documento se le solicitar\u00e1 que lea y acepte las condiciones de contrataci\u00f3n y pol\u00edtica de privacidad.<\/p><p><strong>4.14<\/strong>.-El sistema le solicitar\u00e1 a continuaci\u00f3n que pulse \u201cREALIZAR EL PAGO\u201d donde deber\u00e1 introducir el m\u00e9todo de pago elegido de entre los disponibles, siendo la plataforma de pago externa a nosotros, donde deber\u00e1 seguir las indicaciones para incluir su n\u00famero de tarjeta de cr\u00e9dito caducidad u CCV para realizar el pago con los procesos de comprobaci\u00f3n y verificaci\u00f3n que la plataforma Redsys disponga en cada momento. Recomendamos que tenga el m\u00f3vil a mano si su entidad utiliza doble factor de autenticaci\u00f3n en las compras online para recibir el SMS de verificaci\u00f3n, con lo que concluir\u00e1 su compra.<\/p><p><strong>4.15<\/strong>.-Una vez completado el pago el sistema le informar\u00e1 sobre la confirmaci\u00f3n del pedido realizado.<\/p><p><strong>4.16<\/strong>.- El Usuario que realice una compra y desee una factura deber\u00e1 solicitarla por correo electr\u00f3nico a la direcci\u00f3n\u00a0<strong>tickets@fundacionnaovictoria.org<\/strong>. Indicando si la desea recibir en soporte papel o en soporte inform\u00e1tico en formato PDF. Este servicio no supondr\u00e1 ning\u00fan coste a\u00f1adido para el Usuario.<\/p><p><strong>5.- ENTREGA<\/strong><\/p><p><strong>5.1.-\u00a0<\/strong>Tal como se describe en el proceso de compra la entrega de las entradas se realizar\u00e1 en su correo electr\u00f3nico una vez completado el proceso de compra.<\/p><p><strong>5.2.-<\/strong>\u00a0En la adquisici\u00f3n de entradas, recibir\u00e1 las mismos de forma inmediata en su direcci\u00f3n de correo electr\u00f3nico como documento adjunto al mail que le remitiremos al finalizar su compra. Cuando acuda a la visita, podr\u00e1 presentar sus entradas impresas o en formato digital.<\/p><p><strong>\u00a0<\/strong><\/p><p><strong>6.- TRANSMISI\u00d3N DEL RIESGO Y DE LA PROPIEDAD DE LOS PRODUCTOS<\/strong><\/p><p><strong>6.1.-\u00a0<\/strong>Los riesgos asociados a las entradas ser\u00e1n a cargo del CLIENTE a partir del momento de su entrega o, de no ser \u00e9sta posible por causas imputables al CLIENTE, a partir del momento de la puesta a disposici\u00f3n del mismo en base al medio de entrega convenido.<\/p><p><strong>6.2.-\u00a0<\/strong>El CLIENTE adquirir\u00e1 la propiedad de las entradas cuando recibamos el pago completo de todas las cantidades debidas en relaci\u00f3n con los mismos, incluidos los gastos de comisiones por su gesti\u00f3n online, (0,75 \u20ac) o bien en el momento de la entrega si \u00e9sta tuviera lugar en un momento posterior.<\/p><p><strong>7.- PRECIO Y PAGO<\/strong><\/p><p><strong>7.1.-\u00a0<\/strong>Salvo en caso de error manifiesto, los precios aplicables a cada tipo de entrada son los indicados en el SITIO WEB en la fecha del pedido, incluyendo el IVA en vigor aplicable en cada momento.\u00a0 A pesar de que procuramos asegurarnos de que todos los precios que figuran en la Web son correctos, pueden producirse errores. Si descubri\u00e9ramos un error en el precio de alguno de los tipos de entrada que hubiera encargado, le informaremos lo antes posible y le daremos la opci\u00f3n de reconfirmar su Pedido al precio correcto, o bien de anularlo. Si no logramos ponernos en contacto con usted el pedido se considerar\u00e1 cancelado y se le reembolsar\u00e1n \u00edntegramente las cantidades que hubiesen sido abonadas.<\/p><p><strong>7.2.-\u00a0<\/strong>Los gastos por comisi\u00f3n en la compra de entradas online que sean aplicables se mostrar\u00e1n en el SITIO WEB durante el proceso de compra, junto debajo del precio marcado en tarifa para cada tipo de entrada. Dichos gastos pueden variar regularmente en funci\u00f3n de las tarifas aplicadas.<\/p><p><strong>7.3.-<\/strong>\u00a0Nos reservamos el derecho de modificar los precios de las entradas, pero los posibles cambios no afectar\u00e1n a los pedidos con respecto a los que hayamos enviado una CONFIRMACI\u00d3N DE PEDIDO.<\/p><p><strong>7.4.-\u00a0<\/strong>El CLIENTE podr\u00e1 realizar el pago mediante cualquiera de los m\u00e9todos habilitados en la web en cada momento, actualmente:<\/p><ul><li>Tarjeta de cr\u00e9dito o d\u00e9bito Visa o MasterCard<\/li><\/ul><p><strong>7.5.-<\/strong>\u00a0Para introducir los datos de una tarjeta de cr\u00e9dito o d\u00e9bito, el CLIENTE debe ser su leg\u00edtimo titular y tener derecho a utilizarla. El CLIENTE tiene la responsabilidad de que la totalidad de los datos facilitados con la finalidad de comprar productos sean correctos.<\/p><p><strong>7.6.-<\/strong>\u00a0El SITIO WEB utiliza el protocolo de comunicaci\u00f3n seguro https y dispone de certificado de seguridad v\u00e1lido, garantizando la transmisi\u00f3n segura de la informaci\u00f3n mediante el cifrado de la misma. EMPRESA no dispondr\u00e1 de los datos financieros del CLIENTE.\u00a0<\/p><p>\u00a0<\/p><p><strong>8.- DERECHO DE DESISTIMIENTO Y DEVOLUCIONES<\/strong><\/p><p><strong>8.1.-<\/strong>\u00a0De conformidad con la normativa vigente, no procede el derecho de desistimiento en los siguientes casos:<\/p><ol start=\"103\"><li>Servicios relacionados con actividades de esparcimiento, si los contratos prev\u00e9n una fecha o un periodo de ejecuci\u00f3n espec\u00edficos (entradas para visitas a exposiciones) conforme a lo establecido en el art\u00edculo 103.L LGCU<\/li><\/ol><p>Por lo tanto, una vez adquiridas las entradas no se realizar\u00e1n devoluciones, excepto en los casos en los que no sea posible la prestaci\u00f3n del servicio de visita al barco por causas de fuerza mayor ajenas al usuario en cuyo caso las opciones ser\u00e1n las que se describen a continuaci\u00f3n:<\/p><ul><li>Si la visita al barco debe ser\u00a0<strong>cancelada<\/strong>\u00a0la organizaci\u00f3n se lo comunicar\u00e1 con antelaci\u00f3n y le har\u00e1 la devoluci\u00f3n del importe mediante el mismo medio de pago que el usuario utiliz\u00f3 para realizar la compra en un m\u00e1ximo de 10-15 d\u00edas.<\/li><\/ul><ul><li>Si la visita al barco debe ser\u00a0<strong>aplazada<\/strong>, la organizaci\u00f3n le comunicar\u00e1 lo antes posible las nuevas fechas para que el usuario pueda o bien modificar el d\u00eda de su visita o bien solicitar la devoluci\u00f3n del importe de sus tickets contando para ello con un plazo m\u00e1ximo de 14 d\u00edas para devoluciones. Pasado este plazo, si no ha solicitado la devoluci\u00f3n, no tendr\u00e1 derecho solicitar la misma. El plazo para cambios en estos casos es el que corresponda a la estancia m\u00e1xima del barco en el puerto, que ser\u00e1 debidamente informada.<\/li><\/ul><p><strong>8.2 Cambio de productos (garant\u00eda comercial) CAMBIOS<\/strong><\/p><p>Los cambios en las entradas para visitas a las exposiciones solo podr\u00e1n darse en los supuestos y con las condiciones indicadas en el apartado 8.1 de estas condiciones<\/p><p><strong>9.- GESTI\u00d3N DE RECLAMACIONES<\/strong><\/p><p><strong>9.1.-\u00a0<\/strong>El CLIENTE puede hacernos llegar sus quejas o reclamaciones a trav\u00e9s de nuestra direcci\u00f3n de correo electr\u00f3nico\u00a0<strong>tickets@fundacionnaovictoria.org\u00a0<\/strong>Procuraremos dar respuesta a dichas quejas o reclamaciones con la mayor rapidez posible.<\/p><p><strong>9.2.-\u00a0<\/strong>Asimismo, informamos al CLIENTE que re\u00fana la condici\u00f3n de consumidor o usuario que, de acuerdo con el Reglamento UE n\u00ba 524\/2013 del Parlamento Europeo y del Consejo, tiene derecho a solicitar una resoluci\u00f3n extrajudicial de controversias en materia de consumo, pudiendo acceder a dicho m\u00e9todo a trav\u00e9s del sitio web:\u00a0<a href=\"https:\/\/ec.europa.eu\/consumers\/odr\/main\/index.cfm?event=main.home2.show&amp;lng=ES\">Resoluci\u00f3n de litigios en l\u00ednea UE\u00a0<\/a>\u00a0<\/p><p><strong>\u00a0<\/strong><\/p><p><strong>10.- PROTECCI\u00d3N DE DATOS PERSONALES<\/strong><\/p><p>EMPRESA, como responsable del tratamiento, tratar\u00e1 los datos facilitados por el CLIENTE durante el proceso de compra online de productos con la finalidad de realizar la gesti\u00f3n administrativa y econ\u00f3mica de dicha adquisici\u00f3n, incluyendo la facturaci\u00f3n, el cobro y las operaciones relacionadas con su ejecuci\u00f3n, as\u00ed como para la gesti\u00f3n de la cuenta de cliente. Puede consultar m\u00e1s informaci\u00f3n sobre el tratamiento de datos personales en nuestra pol\u00edtica de privacidad.<\/p><p>\u00a0<\/p><p><strong>11.- LEGISLACI\u00d3N APLICABLE Y JURISDICCI\u00d3N<\/strong><\/p><p><strong>11.1.-\u00a0<\/strong>La relaci\u00f3n entre EMPRESA y el CLIENTE derivada de la realizaci\u00f3n de pedidos a trav\u00e9s de este SITIO WEB se regir\u00e1 por la legislaci\u00f3n espa\u00f1ola.\u00a0\u00a0<\/p><p><strong>11.2.-\u00a0<\/strong>Las partes se someten, a su elecci\u00f3n, para la resoluci\u00f3n de los conflictos y con renuncia a cualquier otro fuero, a los Juzgados y Tribunales competentes del domicilio del CLIENTE, siempre que el mismo act\u00fae como consumidor o usuario. En caso contrario, la sumisi\u00f3n ser\u00e1 a los Juzgados y Tribunales de la ciudad de Sevilla.<\/p><p>Asimismo, los consumidores podr\u00e1n someter sus reclamaciones a trav\u00e9s de la plataforma de resoluci\u00f3n de litigios en l\u00ednea creada por el Reglamento (UE) 524\/2013, disponible en el siguiente enlace:\u00a0\u00a0<a href=\"https:\/\/ec.europa.eu\/consumers\/odr\/main\/index.cfm?event=main.home2.show&amp;lng=ES\">Resoluci\u00f3n de litigios en l\u00ednea UE\u00a0<\/a>.<\/p><p><strong>12.-NORMAS DE ACCESO A LAS EXPOSICIONES Y EMBARCACI\u00d3N NAO VICTORIA 500<\/strong><\/p><ul><li>La organizaci\u00f3n no garantiza la autenticidad de la entrada si no se ha adquirido en nuestra p\u00e1gina web con su respectivo c\u00f3digo de confirmaci\u00f3n y c\u00f3digo QR.<\/li><li>No se restituir\u00e1 la entrada en caso de p\u00e9rdida, deterioro, robo o destrucci\u00f3n.<\/li><li>La entrada podr\u00e1 ser presentada en formato papel o digital<\/li><li>Las entradas adquiridas con descuento o tarifa especial tendr\u00e1n que justificar este derecho mediante un documento acreditativo en el acceso al barco. En caso de no presentar la justificaci\u00f3n correspondiente no tendr\u00e1n validez y se cobrar\u00e1 la diferencia a la tarifa real.<\/li><li>La admisi\u00f3n queda supeditada al hecho de disponer de una entrada completa y en buenas condiciones. El poseedor de la entrada perder\u00e1 sus derechos al salir del recinto. Es potestad de la organizaci\u00f3n permitir el acceso al recinto una vez empezada la visita.<\/li><li>El acceso y la responsabilidad de los menores de edad en el barco recae sobre el tutor legal o padres.<\/li><li>Los visitantes menores de 18 a\u00f1os no podr\u00e1n acceder al barco sin el acompa\u00f1amiento de un adulto.<\/li><li>Se permite realizar fotos y videos en el interior del barco.<\/li><li>Los animales son bien recibidos a bordo siempre y cuando vayan en brazos de sus due\u00f1os.<\/li><\/ul><p><strong>\u00daltima actualizaci\u00f3n:\u00a0<\/strong><strong>25\/10\/2024<\/strong><strong>.<\/strong><\/p>\t\t\t\t\t\t<\/div>\n\t\t\t\t<\/div>\n\t\t\t\t<\/div>\n\t\t\t\t<\/div>\n\t\t","protected":false},"excerpt":{"rendered":"<p>T\u00e9rminos y Condiciones de Compra 1.- OBJETO Y \u00c1MBITO DE APLICACI\u00d3N 1.1.-\u00a0Las presentes Condiciones generales de compra (en adelante, las \u201cCONDICIONES\u201d) tienen como objeto regular la relaci\u00f3n jur\u00eddica derivada de la compra online de productos o servicios a trav\u00e9s de la p\u00e1gina Web https:\/\/espacioexploraterra.org\/ (en adelante, el \u201cSITIO WEB\u201d), pudiendo ser adquiridos por cualquier usuario [&hellip;]<\/p>\n","protected":false},"author":1,"featured_media":0,"parent":0,"menu_order":0,"comment_status":"closed","ping_status":"closed","template":"","meta":{"footnotes":""},"class_list":["post-886","page","type-page","status-publish","hentry"],"_links":{"self":[{"href":"https:\/\/jumpers.work\/exploraterra\/wp-json\/wp\/v2\/pages\/886","targetHints":{"allow":["GET"]}}],"collection":[{"href":"https:\/\/jumpers.work\/exploraterra\/wp-json\/wp\/v2\/pages"}],"about":[{"href":"https:\/\/jumpers.work\/exploraterra\/wp-json\/wp\/v2\/types\/page"}],"author":[{"embeddable":true,"href":"https:\/\/jumpers.work\/exploraterra\/wp-json\/wp\/v2\/users\/1"}],"replies":[{"embeddable":true,"href":"https:\/\/jumpers.work\/exploraterra\/wp-json\/wp\/v2\/comments?post=886"}],"version-history":[{"count":4,"href":"https:\/\/jumpers.work\/exploraterra\/wp-json\/wp\/v2\/pages\/886\/revisions"}],"predecessor-version":[{"id":890,"href":"https:\/\/jumpers.work\/exploraterra\/wp-json\/wp\/v2\/pages\/886\/revisions\/890"}],"wp:attachment":[{"href":"https:\/\/jumpers.work\/exploraterra\/wp-json\/wp\/v2\/media?parent=886"}],"curies":[{"name":"wp","href":"https:\/\/api.w.org\/{rel}","templated":true}]}}